{"id":653,"date":"2024-03-29T18:25:14","date_gmt":"2024-03-29T18:25:14","guid":{"rendered":"https:\/\/www.vixen.ee\/vinoteek\/%d1%81%d0%be%d0%b1%d1%8b%d1%82%d0%b8%d1%8f\/"},"modified":"2025-07-25T13:51:17","modified_gmt":"2025-07-25T13:51:17","slug":"events","status":"publish","type":"page","link":"https:\/\/www.vixen.ee\/vinoteek\/ru\/events\/","title":{"rendered":"\u041c\u0415\u0420\u041e\u041f\u0420\u0418\u042f\u0422\u0418\u042f"},"content":{"rendered":"\n\n  <div class=\"banner has-hover\" id=\"banner-702008099\">\n          <div class=\"banner-inner fill\">\n        <div class=\"banner-bg fill\" >\n            <div class=\"bg fill bg-fill \"><\/div>\n                        <div class=\"overlay\"><\/div>            \n                    <\/div>\n\t\t\n\t<div class=\"ux-shape-divider ux-shape-divider--bottom ux-shape-divider--style-curve\">\n\t\t<svg viewBox=\"0 0 1000 100\" xmlns=\"http:\/\/www.w3.org\/2000\/svg\" preserveAspectRatio=\"none\">\n\t<path class=\"ux-shape-fill\" d=\"M0 0C0 0 200 50 500 50C800 50 1000 0 1000 0V101H0V1V0Z\"\/>\n<\/svg>\n\t<\/div>\n        <div class=\"banner-layers container\">\n            <div class=\"fill banner-link\"><\/div>            \n\n   <div id=\"text-box-857721006\" class=\"text-box banner-layer x50 md-x50 lg-x50 y50 md-y50 lg-y50 res-text\">\n                                <div class=\"text-box-content text dark\">\n              \n              <div class=\"text-inner text-center\">\n                  \n\n\t<div id=\"text-1828222405\" class=\"text\">\n\t\t\n\n<h1 class=\"uppercase\">\u041c\u0415\u0420\u041e\u041f\u0420\u0418\u042f\u0422\u0418\u042f<\/h1>\n\t\t\n<style>\n#text-1828222405 {\n  font-size: 0.75rem;\n}\n<\/style>\n\t<\/div>\n\t\n\n              <\/div>\n           <\/div>\n                            \n<style>\n#text-box-857721006 {\n  width: 60%;\n}\n#text-box-857721006 .text-box-content {\n  font-size: 100%;\n}\n<\/style>\n    <\/div>\n \n\n        <\/div>\n      <\/div>\n\n            \n<style>\n#banner-702008099 {\n  padding-top: 460px;\n  background-color: rgb(251, 246, 245);\n}\n#banner-702008099 .bg.bg-loaded {\n  background-image: url(https:\/\/www.vixen.ee\/vinoteek\/wp-content\/uploads\/2024\/06\/DSCF0893.jpg);\n}\n#banner-702008099 .overlay {\n  background-color: rgba(0, 0, 0, 0);\n}\n#banner-702008099 .bg {\n  background-position: 69% 64%;\n}\n#banner-702008099 .ux-shape-divider--bottom svg {\n  height: 150px;\n  --divider-width: 147%;\n}\n#banner-702008099 .ux-shape-divider--bottom .ux-shape-fill {\n  fill: rgb(251, 246, 245);\n}\n@media (min-width:550px) {\n  #banner-702008099 .ux-shape-divider--bottom svg {\n    --divider-width: 100%;\n  }\n}\n<\/style>\n  <\/div>\n\n\n\t<section class=\"section\" id=\"section_261120114\">\n\t\t<div class=\"bg section-bg fill bg-fill  bg-loaded\" >\n\n\t\t\t\n\t\t\t\n\t\t\t\n\n\t\t<\/div>\n\n\t\t\n\n\t\t<div class=\"section-content relative\">\n\t\t\t\n\n<div class=\"row align-center\"  id=\"row-1437429488\">\n\n\n\t<div id=\"col-502236980\" class=\"col medium-7 small-12 large-7\"  >\n\t\t\t\t<div class=\"col-inner\"  >\n\t\t\t\n\t\t\t\n\n\t<div id=\"text-577205059\" class=\"text\">\n\t\t\n\n\n\t\t\n<style>\n#text-577205059 {\n  text-align: center;\n}\n<\/style>\n\t<\/div>\n\t\n\t<div class=\"img has-hover x md-x lg-x y md-y lg-y\" id=\"image_1985980584\">\n\t\t\t\t\t\t\t\t<div class=\"img-inner dark\" >\n\t\t\t<img loading=\"lazy\" decoding=\"async\" width=\"922\" height=\"1024\" src=\"https:\/\/www.vixen.ee\/vinoteek\/wp-content\/uploads\/2025\/02\/image0000001-922x1024.jpg\" class=\"attachment-large size-large\" alt=\"\" srcset=\"https:\/\/www.vixen.ee\/vinoteek\/wp-content\/uploads\/2025\/02\/image0000001-922x1024.jpg 922w, https:\/\/www.vixen.ee\/vinoteek\/wp-content\/uploads\/2025\/02\/image0000001-270x300.jpg 270w, https:\/\/www.vixen.ee\/vinoteek\/wp-content\/uploads\/2025\/02\/image0000001-768x853.jpg 768w, https:\/\/www.vixen.ee\/vinoteek\/wp-content\/uploads\/2025\/02\/image0000001-1382x1536.jpg 1382w, https:\/\/www.vixen.ee\/vinoteek\/wp-content\/uploads\/2025\/02\/image0000001.jpg 1439w\" sizes=\"auto, (max-width: 922px) 100vw, 922px\" \/>\t\t\t\t\t\t\n\t\t\t\t\t<\/div>\n\t\t\t\t\t\t\t\t\n<style>\n#image_1985980584 {\n  width: 100%;\n}\n<\/style>\n\t<\/div>\n\t\n\n<div class=\"text-center\"><div class=\"is-divider divider clearfix\" style=\"max-width:300px;\"><\/div><\/div>\n\n\n\t\t<\/div>\n\t\t\t\t\t<\/div>\n\n\t\n\n<\/div>\n<div class=\"row align-center\"  id=\"row-690600188\">\n\n\n\t<div id=\"col-1584661291\" class=\"col medium-7 small-12 large-7\"  >\n\t\t\t\t<div class=\"col-inner\"  >\n\t\t\t\n\t\t\t\n\n<h2 style=\"text-align: center;\" data-line-height=\"xs\"><strong>\u0415\u041a\u0421\u041a\u041b\u042e\u0417\u0418\u0412\u041d\u042b\u0419 KRUG<\/strong><\/h2>\n<p style=\"text-align: center;\" data-line-height=\"xs\">12.03.2025<\/p>\n\t<div id=\"text-4165852224\" class=\"text\">\n\t\t\n\n<p>\u041f\u0440\u0438\u0433\u043b\u0430\u0448\u0430\u0435\u043c \u0432\u0430\u0441 \u043d\u0430 \u043d\u0435\u0437\u0430\u0431\u044b\u0432\u0430\u0435\u043c\u0443\u044e \u0434\u0435\u0433\u0443\u0441\u0442\u0430\u0446\u0438\u044e! \u0413\u043b\u0430\u0432\u043d\u044b\u0439 \u0441\u043e\u043c\u0435\u043b\u044c\u0435 Vixen, \u041c\u0430\u0434\u0438\u0441 \u041d\u0430\u0430\u0440\u0438\u0442\u0441, \u043f\u0440\u0435\u0434\u0441\u0442\u0430\u0432\u0438\u0442 \u044d\u043a\u0441\u043a\u043b\u044e\u0437\u0438\u0432\u043d\u0443\u044e \u043f\u043e\u0434\u0431\u043e\u0440\u043a\u0443 \u0448\u0430\u043c\u043f\u0430\u043d\u0441\u043a\u043e\u0433\u043e Krug.<\/p>\n<p>Grand Cuv\u00e9e 169\u00e8me \u00c9dition Magnum<\/p>\n<p>Grand Cuv\u00e9e 172\u00e8me \u00c9dition<\/p>\n<p>Ros\u00e9 28\u00e8me \u00c9dition<\/p>\n<p>Vintage 2000<\/p>\n<p>Clos du Mesnil 2006<\/p>\n<p>Clos d&#8217;Ambonnay 2006<\/p>\n<div>\u041a \u0434\u0435\u0433\u0443\u0441\u0442\u0430\u0446\u0438\u0438 \u043f\u043e\u0434\u0430\u044e\u0442\u0441\u044f \u0438\u0437\u044b\u0441\u043a\u0430\u043d\u043d\u044b\u0435 \u0437\u0430\u043a\u0443\u0441\u043a\u0438, \u0441\u043f\u0435\u0446\u0438\u0430\u043b\u044c\u043d\u043e \u043f\u0440\u0438\u0433\u043e\u0442\u043e\u0432\u043b\u0435\u043d\u043d\u044b\u0435 \u0448\u0435\u0444-\u043f\u043e\u0432\u0430\u0440\u0430\u043c\u0438 Vixen. \u0412\u0441\u0435\u0433\u043e 10 \u043c\u0435\u0441\u0442.<\/div>\n<div>\u00a0<\/div>\n<div>\u0421\u0442\u043e\u0438\u043c\u043e\u0441\u0442\u044c: \u20ac789 \u0437\u0430 \u0447\u0435\u043b\u043e\u0432\u0435\u043a\u0430.<\/div>\n\t\t\n<style>\n#text-4165852224 {\n  text-align: center;\n}\n<\/style>\n\t<\/div>\n\t\n<div class=\"text-center\"><div class=\"is-divider divider clearfix\" style=\"max-width:300px;\"><\/div><\/div>\n\n\n\t\t<\/div>\n\t\t\t\t\t<\/div>\n\n\t\n\n\t<div id=\"col-1210643509\" class=\"col medium-7 small-12 large-7\"  >\n\t\t\t\t<div class=\"col-inner\"  >\n\t\t\t\n\t\t\t\n\n<h2 style=\"text-align: center;\" data-line-height=\"xs\"><strong>\u0421\u041b\u041e\u0412\u0415\u041d\u0418\u042f \u043f\u0440\u043e\u0442\u0438\u0432 \u0418\u0422\u0410\u041b\u0418\u0418<\/strong><\/h2>\n<p style=\"text-align: center;\" data-line-height=\"xs\">\u0414\u0410\u0422\u0410 \u0411\u0423\u0414\u0415\u0422 \u041e\u0411\u042a\u042f\u0412\u041b\u0415\u041d\u0410<\/p>\n\t<div id=\"text-2638975456\" class=\"text\">\n\t\t\n\n<p>\u041c\u044b \u0441\u0440\u0430\u0432\u043d\u0438\u043c \u0438 \u043f\u0440\u043e\u0442\u0438\u0432\u043e\u043f\u043e\u0441\u0442\u0430\u0432\u0438\u043c \u043d\u0430\u0448\u0438 \u043d\u0435\u0434\u0430\u0432\u043d\u043e \u043f\u0440\u0438\u043e\u0431\u0440\u0435\u0442\u0435\u043d\u043d\u044b\u0435 \u0441\u043b\u043e\u0432\u0435\u043d\u0441\u043a\u0438\u0435 \u0432\u0438\u043d\u0430 \u0441 \u043d\u0435\u043a\u043e\u0442\u043e\u0440\u044b\u043c\u0438 \u043a\u043b\u0430\u0441\u0441\u0438\u0447\u0435\u0441\u043a\u0438\u043c\u0438 \u043e\u0431\u0440\u0430\u0437\u0446\u0430\u043c\u0438 \u0438\u0437 \u0418\u0442\u0430\u043b\u0438\u0438. \u0423\u0437\u043d\u0430\u0439\u0442\u0435, \u043a\u0430\u043a \u044d\u0442\u0438 \u0441\u043e\u0441\u0435\u0434\u043d\u0438\u0435 \u0441\u0442\u0440\u0430\u043d\u044b \u043a\u043e\u043d\u043a\u0443\u0440\u0438\u0440\u0443\u044e\u0442 \u0432 \u0434\u0435\u0433\u0443\u0441\u0442\u0430\u0446\u0438\u0438 \u0431\u043e\u043a \u043e \u0431\u043e\u043a. \u0412\u0435\u0434\u0443\u0449\u0438\u0435 \u2014 \u0441\u043e\u043c\u0435\u043b\u044c\u0435 Vixen \u0414\u0436\u0435\u043d\u043d\u0438\u0444\u0435\u0440 \u041c\u0438\u0442\u0447\u0435\u043b\u043b \u0438 \u041c\u0430\u0434\u0438\u0441 \u041d\u0430\u0430\u0440\u0438\u0442\u0441.<\/p>\n\t\t\n<style>\n#text-2638975456 {\n  text-align: center;\n}\n<\/style>\n\t<\/div>\n\t\n<div class=\"text-center\"><div class=\"is-divider divider clearfix\" style=\"max-width:300px;\"><\/div><\/div>\n\n\n\t\t<\/div>\n\t\t\t\t\t<\/div>\n\n\t\n\n<\/div>\n<div class=\"row align-center\"  id=\"row-1231787003\">\n\n\n\t<div id=\"col-1823373944\" class=\"col medium-7 small-12 large-7\"  >\n\t\t\t\t<div class=\"col-inner\"  >\n\t\t\t\n\t\t\t\n\n<h2 style=\"text-align: center;\" data-line-height=\"xs\"><strong>\u0428\u0412\u0415\u0419\u0426\u0410\u0420\u0421\u041a\u0418\u0415 \u0412\u0418\u041d\u0410!<\/strong><\/h2>\n<p style=\"text-align: center;\" data-line-height=\"xs\">\u0414\u0410\u0422\u0410 \u0411\u0423\u0414\u0415\u0422 \u041e\u0411\u042a\u042f\u0412\u041b\u0415\u041d\u0410<\/p>\n\t<div id=\"text-837689424\" class=\"text\">\n\t\t\n\n<p>Vixen \u0441 \u0433\u043e\u0440\u0434\u043e\u0441\u0442\u044c\u044e \u0438 \u0440\u0430\u0434\u043e\u0441\u0442\u044c\u044e \u0441\u043e\u043e\u0431\u0449\u0430\u0435\u0442, \u0447\u0442\u043e \u0441\u0442\u0430\u043b \u043f\u0435\u0440\u0432\u044b\u043c \u0438\u043c\u043f\u043e\u0440\u0442\u0435\u0440\u043e\u043c \u0448\u0432\u0435\u0439\u0446\u0430\u0440\u0441\u043a\u0438\u0445 \u0432\u0438\u043d \u0432 \u042d\u0441\u0442\u043e\u043d\u0438\u0438! \u041c\u044b \u0432\u0441\u0442\u0440\u0435\u0442\u0438\u043b\u0438\u0441\u044c \u0441 \u043f\u0440\u043e\u0438\u0437\u0432\u043e\u0434\u0438\u0442\u0435\u043b\u044f\u043c\u0438 \u0432 \u0440\u0435\u0433\u0438\u043e\u043d\u0430\u0445 \u0412\u043e \u0438 \u0412\u0430\u043b\u0435 \u0438 \u0432\u044b\u0431\u0440\u0430\u043b\u0438 \u0441\u0430\u043c\u044b\u0435 \u0438\u043d\u0442\u0435\u0440\u0435\u0441\u043d\u044b\u0435 \u0431\u0435\u043b\u044b\u0435, \u043a\u0440\u0430\u0441\u043d\u044b\u0435 \u0438 \u0440\u043e\u0437\u043e\u0432\u044b\u0435 \u0432\u0438\u043d\u0430, \u0432\u043a\u043b\u044e\u0447\u0430\u044f \u0437\u043d\u0430\u043c\u0435\u043d\u0438\u0442\u044b\u0439 \u0428\u0430\u0441\u0441\u043b\u0430!<\/p>\n\t\t\n<style>\n#text-837689424 {\n  text-align: center;\n}\n<\/style>\n\t<\/div>\n\t\n<div class=\"text-center\"><div class=\"is-divider divider clearfix\" style=\"max-width:300px;\"><\/div><\/div>\n\n\n\t\t<\/div>\n\t\t\t\t\t<\/div>\n\n\t\n\n<\/div>\n\n\t\t<\/div>\n\n\t\t\n<style>\n#section_261120114 {\n  padding-top: 30px;\n  padding-bottom: 30px;\n}\n<\/style>\n\t<\/section>\n\t\n\n","protected":false},"excerpt":{"rendered":"","protected":false},"author":1,"featured_media":0,"parent":0,"menu_order":0,"comment_status":"closed","ping_status":"closed","template":"page-transparent-header-light.php","meta":{"footnotes":""},"class_list":["post-653","page","type-page","status-publish","hentry"],"yoast_head":"<!-- This site is optimized with the Yoast SEO plugin v23.7 - https:\/\/yoast.com\/wordpress\/plugins\/seo\/ -->\n<title>\u041c\u0415\u0420\u041e\u041f\u0420\u0418\u042f\u0422\u0418\u042f - Vixen Vinoteek<\/title>\n<meta name=\"robots\" content=\"index, follow, max-snippet:-1, max-image-preview:large, max-video-preview:-1\" \/>\n<link rel=\"canonical\" href=\"https:\/\/www.vixen.ee\/vinoteek\/ru\/events\/\" \/>\n<meta property=\"og:locale\" content=\"ru_RU\" \/>\n<meta property=\"og:type\" content=\"article\" \/>\n<meta property=\"og:title\" content=\"\u041c\u0415\u0420\u041e\u041f\u0420\u0418\u042f\u0422\u0418\u042f - Vixen Vinoteek\" \/>\n<meta property=\"og:url\" content=\"https:\/\/www.vixen.ee\/vinoteek\/ru\/events\/\" \/>\n<meta property=\"og:site_name\" content=\"Vixen Vinoteek\" \/>\n<meta property=\"article:publisher\" content=\"https:\/\/www.facebook.com\/pagari1\/\" \/>\n<meta property=\"article:modified_time\" content=\"2025-07-25T13:51:17+00:00\" \/>\n<meta name=\"twitter:card\" content=\"summary_large_image\" \/>\n<meta name=\"twitter:label1\" content=\"\u041f\u0440\u0438\u043c\u0435\u0440\u043d\u043e\u0435 \u0432\u0440\u0435\u043c\u044f \u0434\u043b\u044f \u0447\u0442\u0435\u043d\u0438\u044f\" \/>\n\t<meta name=\"twitter:data1\" content=\"1 \u043c\u0438\u043d\u0443\u0442\u0430\" \/>\n<script type=\"application\/ld+json\" class=\"yoast-schema-graph\">{\"@context\":\"https:\/\/schema.org\",\"@graph\":[{\"@type\":\"WebPage\",\"@id\":\"https:\/\/www.vixen.ee\/vinoteek\/ru\/events\/\",\"url\":\"https:\/\/www.vixen.ee\/vinoteek\/ru\/events\/\",\"name\":\"\u041c\u0415\u0420\u041e\u041f\u0420\u0418\u042f\u0422\u0418\u042f - Vixen Vinoteek\",\"isPartOf\":{\"@id\":\"https:\/\/www.vixen.ee\/vinoteek\/#website\"},\"datePublished\":\"2024-03-29T18:25:14+00:00\",\"dateModified\":\"2025-07-25T13:51:17+00:00\",\"breadcrumb\":{\"@id\":\"https:\/\/www.vixen.ee\/vinoteek\/ru\/events\/#breadcrumb\"},\"inLanguage\":\"ru-RU\",\"potentialAction\":[{\"@type\":\"ReadAction\",\"target\":[\"https:\/\/www.vixen.ee\/vinoteek\/ru\/events\/\"]}]},{\"@type\":\"BreadcrumbList\",\"@id\":\"https:\/\/www.vixen.ee\/vinoteek\/ru\/events\/#breadcrumb\",\"itemListElement\":[{\"@type\":\"ListItem\",\"position\":1,\"name\":\"Home\",\"item\":\"https:\/\/www.vixen.ee\/vinoteek\/ru\/\"},{\"@type\":\"ListItem\",\"position\":2,\"name\":\"\u041c\u0415\u0420\u041e\u041f\u0420\u0418\u042f\u0422\u0418\u042f\"}]},{\"@type\":\"WebSite\",\"@id\":\"https:\/\/www.vixen.ee\/vinoteek\/#website\",\"url\":\"https:\/\/www.vixen.ee\/vinoteek\/\",\"name\":\"Vixen Vinoteek\",\"description\":\"\",\"publisher\":{\"@id\":\"https:\/\/www.vixen.ee\/vinoteek\/#organization\"},\"potentialAction\":[{\"@type\":\"SearchAction\",\"target\":{\"@type\":\"EntryPoint\",\"urlTemplate\":\"https:\/\/www.vixen.ee\/vinoteek\/?s={search_term_string}\"},\"query-input\":{\"@type\":\"PropertyValueSpecification\",\"valueRequired\":true,\"valueName\":\"search_term_string\"}}],\"inLanguage\":\"ru-RU\"},{\"@type\":\"Organization\",\"@id\":\"https:\/\/www.vixen.ee\/vinoteek\/#organization\",\"name\":\"Vixen Vinoteek\",\"url\":\"https:\/\/www.vixen.ee\/vinoteek\/\",\"logo\":{\"@type\":\"ImageObject\",\"inLanguage\":\"ru-RU\",\"@id\":\"https:\/\/www.vixen.ee\/vinoteek\/#\/schema\/logo\/image\/\",\"url\":\"https:\/\/www.vixen.ee\/vinoteek\/wp-content\/uploads\/2024\/08\/Logo_Vinoteek_pink.svg\",\"contentUrl\":\"https:\/\/www.vixen.ee\/vinoteek\/wp-content\/uploads\/2024\/08\/Logo_Vinoteek_pink.svg\",\"width\":1,\"height\":1,\"caption\":\"Vixen Vinoteek\"},\"image\":{\"@id\":\"https:\/\/www.vixen.ee\/vinoteek\/#\/schema\/logo\/image\/\"},\"sameAs\":[\"https:\/\/www.facebook.com\/pagari1\/\"]}]}<\/script>\n<!-- \/ Yoast SEO plugin. -->","yoast_head_json":{"title":"\u041c\u0415\u0420\u041e\u041f\u0420\u0418\u042f\u0422\u0418\u042f - Vixen Vinoteek","robots":{"index":"index","follow":"follow","max-snippet":"max-snippet:-1","max-image-preview":"max-image-preview:large","max-video-preview":"max-video-preview:-1"},"canonical":"https:\/\/www.vixen.ee\/vinoteek\/ru\/events\/","og_locale":"ru_RU","og_type":"article","og_title":"\u041c\u0415\u0420\u041e\u041f\u0420\u0418\u042f\u0422\u0418\u042f - Vixen Vinoteek","og_url":"https:\/\/www.vixen.ee\/vinoteek\/ru\/events\/","og_site_name":"Vixen Vinoteek","article_publisher":"https:\/\/www.facebook.com\/pagari1\/","article_modified_time":"2025-07-25T13:51:17+00:00","twitter_card":"summary_large_image","twitter_misc":{"\u041f\u0440\u0438\u043c\u0435\u0440\u043d\u043e\u0435 \u0432\u0440\u0435\u043c\u044f \u0434\u043b\u044f \u0447\u0442\u0435\u043d\u0438\u044f":"1 \u043c\u0438\u043d\u0443\u0442\u0430"},"schema":{"@context":"https:\/\/schema.org","@graph":[{"@type":"WebPage","@id":"https:\/\/www.vixen.ee\/vinoteek\/ru\/events\/","url":"https:\/\/www.vixen.ee\/vinoteek\/ru\/events\/","name":"\u041c\u0415\u0420\u041e\u041f\u0420\u0418\u042f\u0422\u0418\u042f - Vixen Vinoteek","isPartOf":{"@id":"https:\/\/www.vixen.ee\/vinoteek\/#website"},"datePublished":"2024-03-29T18:25:14+00:00","dateModified":"2025-07-25T13:51:17+00:00","breadcrumb":{"@id":"https:\/\/www.vixen.ee\/vinoteek\/ru\/events\/#breadcrumb"},"inLanguage":"ru-RU","potentialAction":[{"@type":"ReadAction","target":["https:\/\/www.vixen.ee\/vinoteek\/ru\/events\/"]}]},{"@type":"BreadcrumbList","@id":"https:\/\/www.vixen.ee\/vinoteek\/ru\/events\/#breadcrumb","itemListElement":[{"@type":"ListItem","position":1,"name":"Home","item":"https:\/\/www.vixen.ee\/vinoteek\/ru\/"},{"@type":"ListItem","position":2,"name":"\u041c\u0415\u0420\u041e\u041f\u0420\u0418\u042f\u0422\u0418\u042f"}]},{"@type":"WebSite","@id":"https:\/\/www.vixen.ee\/vinoteek\/#website","url":"https:\/\/www.vixen.ee\/vinoteek\/","name":"Vixen Vinoteek","description":"","publisher":{"@id":"https:\/\/www.vixen.ee\/vinoteek\/#organization"},"potentialAction":[{"@type":"SearchAction","target":{"@type":"EntryPoint","urlTemplate":"https:\/\/www.vixen.ee\/vinoteek\/?s={search_term_string}"},"query-input":{"@type":"PropertyValueSpecification","valueRequired":true,"valueName":"search_term_string"}}],"inLanguage":"ru-RU"},{"@type":"Organization","@id":"https:\/\/www.vixen.ee\/vinoteek\/#organization","name":"Vixen Vinoteek","url":"https:\/\/www.vixen.ee\/vinoteek\/","logo":{"@type":"ImageObject","inLanguage":"ru-RU","@id":"https:\/\/www.vixen.ee\/vinoteek\/#\/schema\/logo\/image\/","url":"https:\/\/www.vixen.ee\/vinoteek\/wp-content\/uploads\/2024\/08\/Logo_Vinoteek_pink.svg","contentUrl":"https:\/\/www.vixen.ee\/vinoteek\/wp-content\/uploads\/2024\/08\/Logo_Vinoteek_pink.svg","width":1,"height":1,"caption":"Vixen Vinoteek"},"image":{"@id":"https:\/\/www.vixen.ee\/vinoteek\/#\/schema\/logo\/image\/"},"sameAs":["https:\/\/www.facebook.com\/pagari1\/"]}]}},"_links":{"self":[{"href":"https:\/\/www.vixen.ee\/vinoteek\/ru\/wp-json\/wp\/v2\/pages\/653","targetHints":{"allow":["GET"]}}],"collection":[{"href":"https:\/\/www.vixen.ee\/vinoteek\/ru\/wp-json\/wp\/v2\/pages"}],"about":[{"href":"https:\/\/www.vixen.ee\/vinoteek\/ru\/wp-json\/wp\/v2\/types\/page"}],"author":[{"embeddable":true,"href":"https:\/\/www.vixen.ee\/vinoteek\/ru\/wp-json\/wp\/v2\/users\/1"}],"replies":[{"embeddable":true,"href":"https:\/\/www.vixen.ee\/vinoteek\/ru\/wp-json\/wp\/v2\/comments?post=653"}],"version-history":[{"count":5,"href":"https:\/\/www.vixen.ee\/vinoteek\/ru\/wp-json\/wp\/v2\/pages\/653\/revisions"}],"predecessor-version":[{"id":1129,"href":"https:\/\/www.vixen.ee\/vinoteek\/ru\/wp-json\/wp\/v2\/pages\/653\/revisions\/1129"}],"wp:attachment":[{"href":"https:\/\/www.vixen.ee\/vinoteek\/ru\/wp-json\/wp\/v2\/media?parent=653"}],"curies":[{"name":"wp","href":"https:\/\/api.w.org\/{rel}","templated":true}]}}