{"id":650,"date":"2024-03-29T18:25:14","date_gmt":"2024-03-29T18:25:14","guid":{"rendered":"https:\/\/www.vixen.ee\/vinoteek\/sundmused\/"},"modified":"2025-07-23T13:53:10","modified_gmt":"2025-07-23T13:53:10","slug":"events","status":"publish","type":"page","link":"https:\/\/www.vixen.ee\/vinoteek\/et\/events\/","title":{"rendered":"S\u00fcndmused"},"content":{"rendered":"\n\n  <div class=\"banner has-hover\" id=\"banner-1307645615\">\n          <div class=\"banner-inner fill\">\n        <div class=\"banner-bg fill\" >\n            <div class=\"bg fill bg-fill \"><\/div>\n                        <div class=\"overlay\"><\/div>            \n                    <\/div>\n\t\t\n\t<div class=\"ux-shape-divider ux-shape-divider--bottom ux-shape-divider--style-curve\">\n\t\t<svg viewBox=\"0 0 1000 100\" xmlns=\"http:\/\/www.w3.org\/2000\/svg\" preserveAspectRatio=\"none\">\n\t<path class=\"ux-shape-fill\" d=\"M0 0C0 0 200 50 500 50C800 50 1000 0 1000 0V101H0V1V0Z\"\/>\n<\/svg>\n\t<\/div>\n        <div class=\"banner-layers container\">\n            <div class=\"fill banner-link\"><\/div>            \n\n   <div id=\"text-box-255447011\" class=\"text-box banner-layer x50 md-x50 lg-x50 y50 md-y50 lg-y50 res-text\">\n                                <div class=\"text-box-content text dark\">\n              \n              <div class=\"text-inner text-center\">\n                  \n\n\t<div id=\"text-2909022066\" class=\"text\">\n\t\t\n\n<h1 class=\"uppercase\"><b>S\u00dcNDMUSED<\/b><\/h1>\n\t\t\n<style>\n#text-2909022066 {\n  font-size: 0.75rem;\n}\n<\/style>\n\t<\/div>\n\t\n\n              <\/div>\n           <\/div>\n                            \n<style>\n#text-box-255447011 {\n  width: 60%;\n}\n#text-box-255447011 .text-box-content {\n  font-size: 100%;\n}\n<\/style>\n    <\/div>\n \n\n        <\/div>\n      <\/div>\n\n            \n<style>\n#banner-1307645615 {\n  padding-top: 460px;\n  background-color: rgb(251, 246, 245);\n}\n#banner-1307645615 .bg.bg-loaded {\n  background-image: url(https:\/\/www.vixen.ee\/vinoteek\/wp-content\/uploads\/2024\/06\/DSCF0893.jpg);\n}\n#banner-1307645615 .overlay {\n  background-color: rgba(0, 0, 0, 0);\n}\n#banner-1307645615 .bg {\n  background-position: 69% 64%;\n}\n#banner-1307645615 .ux-shape-divider--bottom svg {\n  height: 150px;\n  --divider-width: 147%;\n}\n#banner-1307645615 .ux-shape-divider--bottom .ux-shape-fill {\n  fill: rgb(251, 246, 245);\n}\n@media (min-width:550px) {\n  #banner-1307645615 .ux-shape-divider--bottom svg {\n    --divider-width: 100%;\n  }\n}\n<\/style>\n  <\/div>\n\n\n\t<section class=\"section\" id=\"section_1562450935\">\n\t\t<div class=\"bg section-bg fill bg-fill  bg-loaded\" >\n\n\t\t\t\n\t\t\t\n\t\t\t\n\n\t\t<\/div>\n\n\t\t\n\n\t\t<div class=\"section-content relative\">\n\t\t\t\n\n<div class=\"row align-center\"  id=\"row-1443781570\">\n\n\n\t<div id=\"col-1984806892\" class=\"col medium-7 small-12 large-7\"  >\n\t\t\t\t<div class=\"col-inner\"  >\n\t\t\t\n\t\t\t\n\n\t<div id=\"text-4043121285\" class=\"text\">\n\t\t\n\n\n\t\t\n<style>\n#text-4043121285 {\n  text-align: center;\n}\n<\/style>\n\t<\/div>\n\t\n\t<div class=\"img has-hover x md-x lg-x y md-y lg-y\" id=\"image_1392593143\">\n\t\t\t\t\t\t\t\t<div class=\"img-inner dark\" >\n\t\t\t<img loading=\"lazy\" decoding=\"async\" width=\"922\" height=\"1024\" src=\"https:\/\/www.vixen.ee\/vinoteek\/wp-content\/uploads\/2025\/02\/image0000001-922x1024.jpg\" class=\"attachment-large size-large\" alt=\"\" srcset=\"https:\/\/www.vixen.ee\/vinoteek\/wp-content\/uploads\/2025\/02\/image0000001-922x1024.jpg 922w, https:\/\/www.vixen.ee\/vinoteek\/wp-content\/uploads\/2025\/02\/image0000001-270x300.jpg 270w, https:\/\/www.vixen.ee\/vinoteek\/wp-content\/uploads\/2025\/02\/image0000001-768x853.jpg 768w, https:\/\/www.vixen.ee\/vinoteek\/wp-content\/uploads\/2025\/02\/image0000001-1382x1536.jpg 1382w, https:\/\/www.vixen.ee\/vinoteek\/wp-content\/uploads\/2025\/02\/image0000001.jpg 1439w\" sizes=\"auto, (max-width: 922px) 100vw, 922px\" \/>\t\t\t\t\t\t\n\t\t\t\t\t<\/div>\n\t\t\t\t\t\t\t\t\n<style>\n#image_1392593143 {\n  width: 100%;\n}\n<\/style>\n\t<\/div>\n\t\n\n<div class=\"text-center\"><div class=\"is-divider divider clearfix\" style=\"max-width:300px;\"><\/div><\/div>\n\n\n\t\t<\/div>\n\t\t\t\t\t<\/div>\n\n\t\n\n<\/div>\n<div class=\"row align-center\"  id=\"row-1651513248\">\n\n\n\t<div id=\"col-1958687559\" class=\"col medium-7 small-12 large-7\"  >\n\t\t\t\t<div class=\"col-inner\"  >\n\t\t\t\n\t\t\t\n\n<h2 style=\"text-align: center;\" data-line-height=\"xs\">BEAUJOLAIS NOUVEAU<\/h2>\n<p style=\"text-align: center;\" data-line-height=\"xs\">21.11.24<\/p>\n\t<div id=\"text-816625384\" class=\"text\">\n\t\t\n\n<p>K\u00e4tte on j\u00f5udmas SEE aeg aastast! Le beaujolais nouveau est arriv\u00e9! Tule meile k\u00fclla ja t\u00e4histame veinimaailma uut aastat. Teid ootavad p\u00f5hjatu beajoulais nouveau, traditsioonilised suupisted ja temaatiline muusika kogu \u00f5htu jooksul.<\/p>\n\t\t\n<style>\n#text-816625384 {\n  text-align: center;\n}\n<\/style>\n\t<\/div>\n\t\n<div class=\"text-center\"><div class=\"is-divider divider clearfix\" style=\"max-width:300px;\"><\/div><\/div>\n\n\n\t\t<\/div>\n\t\t\t\t\t<\/div>\n\n\t\n\n<\/div>\n<div class=\"row align-center\"  id=\"row-495482929\">\n\n\n\t<div id=\"col-1348177734\" class=\"col medium-7 small-12 large-7\"  >\n\t\t\t\t<div class=\"col-inner\"  >\n\t\t\t\n\t\t\t\n\n<h2 style=\"text-align: center;\" data-line-height=\"xs\">PARIMAD BURGUNDIA VALGED VEINID<\/h2>\n<p style=\"text-align: center;\" data-line-height=\"xs\">12.12.24<\/p>\n\t<div id=\"text-1738749187\" class=\"text\">\n\t\t\n\n<p>Maitsmisele tulevad parimad palad Burgundia valgetest veinidest. \u00d5htu viib l\u00e4bi Vixeni peasommeljee Madis Naarits. Maitseme erinevaid grand cru valgeid burgundialasi ning naudime k\u00f5rvale sobitatud suupisteid. Kohtade arv on piiratud. Koha broneerimiseks helista 5866 9505 v\u00f5i saada meil <a href=\"mailto:wines@vixen.ee\">wines@vixen.ee<\/a>. Hind 199\u20ac inimese kohta.<\/p>\n\t\t\n<style>\n#text-1738749187 {\n  text-align: center;\n}\n<\/style>\n\t<\/div>\n\t\n<div class=\"text-center\"><div class=\"is-divider divider clearfix\" style=\"max-width:300px;\"><\/div><\/div>\n\n\n\t\t<\/div>\n\t\t\t\t\t<\/div>\n\n\t\n\n<\/div>\n\n\t\t<\/div>\n\n\t\t\n<style>\n#section_1562450935 {\n  padding-top: 30px;\n  padding-bottom: 30px;\n}\n<\/style>\n\t<\/section>\n\t\n\n","protected":false},"excerpt":{"rendered":"","protected":false},"author":1,"featured_media":0,"parent":0,"menu_order":0,"comment_status":"closed","ping_status":"closed","template":"page-transparent-header-light.php","meta":{"footnotes":""},"class_list":["post-650","page","type-page","status-publish","hentry"],"yoast_head":"<!-- This site is optimized with the Yoast SEO plugin v23.7 - https:\/\/yoast.com\/wordpress\/plugins\/seo\/ -->\n<title>S\u00fcndmused - Vixen Vinoteek<\/title>\n<meta name=\"robots\" content=\"index, follow, max-snippet:-1, max-image-preview:large, max-video-preview:-1\" \/>\n<link rel=\"canonical\" href=\"https:\/\/www.vixen.ee\/vinoteek\/et\/events\/\" \/>\n<meta property=\"og:locale\" content=\"et_EE\" \/>\n<meta property=\"og:type\" content=\"article\" \/>\n<meta property=\"og:title\" content=\"S\u00fcndmused - Vixen Vinoteek\" \/>\n<meta property=\"og:url\" content=\"https:\/\/www.vixen.ee\/vinoteek\/et\/events\/\" \/>\n<meta property=\"og:site_name\" content=\"Vixen Vinoteek\" \/>\n<meta property=\"article:publisher\" content=\"https:\/\/www.facebook.com\/pagari1\/\" \/>\n<meta property=\"article:modified_time\" content=\"2025-07-23T13:53:10+00:00\" \/>\n<meta name=\"twitter:card\" content=\"summary_large_image\" \/>\n<meta name=\"twitter:label1\" content=\"Est. reading time\" \/>\n\t<meta name=\"twitter:data1\" content=\"1 minut\" \/>\n<script type=\"application\/ld+json\" class=\"yoast-schema-graph\">{\"@context\":\"https:\/\/schema.org\",\"@graph\":[{\"@type\":\"WebPage\",\"@id\":\"https:\/\/www.vixen.ee\/vinoteek\/et\/events\/\",\"url\":\"https:\/\/www.vixen.ee\/vinoteek\/et\/events\/\",\"name\":\"S\u00fcndmused - Vixen Vinoteek\",\"isPartOf\":{\"@id\":\"https:\/\/www.vixen.ee\/vinoteek\/#website\"},\"datePublished\":\"2024-03-29T18:25:14+00:00\",\"dateModified\":\"2025-07-23T13:53:10+00:00\",\"breadcrumb\":{\"@id\":\"https:\/\/www.vixen.ee\/vinoteek\/et\/events\/#breadcrumb\"},\"inLanguage\":\"et\",\"potentialAction\":[{\"@type\":\"ReadAction\",\"target\":[\"https:\/\/www.vixen.ee\/vinoteek\/et\/events\/\"]}]},{\"@type\":\"BreadcrumbList\",\"@id\":\"https:\/\/www.vixen.ee\/vinoteek\/et\/events\/#breadcrumb\",\"itemListElement\":[{\"@type\":\"ListItem\",\"position\":1,\"name\":\"Home\",\"item\":\"https:\/\/www.vixen.ee\/vinoteek\/et\/\"},{\"@type\":\"ListItem\",\"position\":2,\"name\":\"S\u00fcndmused\"}]},{\"@type\":\"WebSite\",\"@id\":\"https:\/\/www.vixen.ee\/vinoteek\/#website\",\"url\":\"https:\/\/www.vixen.ee\/vinoteek\/\",\"name\":\"Vixen Vinoteek\",\"description\":\"\",\"publisher\":{\"@id\":\"https:\/\/www.vixen.ee\/vinoteek\/#organization\"},\"potentialAction\":[{\"@type\":\"SearchAction\",\"target\":{\"@type\":\"EntryPoint\",\"urlTemplate\":\"https:\/\/www.vixen.ee\/vinoteek\/?s={search_term_string}\"},\"query-input\":{\"@type\":\"PropertyValueSpecification\",\"valueRequired\":true,\"valueName\":\"search_term_string\"}}],\"inLanguage\":\"et\"},{\"@type\":\"Organization\",\"@id\":\"https:\/\/www.vixen.ee\/vinoteek\/#organization\",\"name\":\"Vixen Vinoteek\",\"url\":\"https:\/\/www.vixen.ee\/vinoteek\/\",\"logo\":{\"@type\":\"ImageObject\",\"inLanguage\":\"et\",\"@id\":\"https:\/\/www.vixen.ee\/vinoteek\/#\/schema\/logo\/image\/\",\"url\":\"https:\/\/www.vixen.ee\/vinoteek\/wp-content\/uploads\/2024\/08\/Logo_Vinoteek_pink.svg\",\"contentUrl\":\"https:\/\/www.vixen.ee\/vinoteek\/wp-content\/uploads\/2024\/08\/Logo_Vinoteek_pink.svg\",\"width\":1,\"height\":1,\"caption\":\"Vixen Vinoteek\"},\"image\":{\"@id\":\"https:\/\/www.vixen.ee\/vinoteek\/#\/schema\/logo\/image\/\"},\"sameAs\":[\"https:\/\/www.facebook.com\/pagari1\/\"]}]}<\/script>\n<!-- \/ Yoast SEO plugin. -->","yoast_head_json":{"title":"S\u00fcndmused - Vixen Vinoteek","robots":{"index":"index","follow":"follow","max-snippet":"max-snippet:-1","max-image-preview":"max-image-preview:large","max-video-preview":"max-video-preview:-1"},"canonical":"https:\/\/www.vixen.ee\/vinoteek\/et\/events\/","og_locale":"et_EE","og_type":"article","og_title":"S\u00fcndmused - Vixen Vinoteek","og_url":"https:\/\/www.vixen.ee\/vinoteek\/et\/events\/","og_site_name":"Vixen Vinoteek","article_publisher":"https:\/\/www.facebook.com\/pagari1\/","article_modified_time":"2025-07-23T13:53:10+00:00","twitter_card":"summary_large_image","twitter_misc":{"Est. reading time":"1 minut"},"schema":{"@context":"https:\/\/schema.org","@graph":[{"@type":"WebPage","@id":"https:\/\/www.vixen.ee\/vinoteek\/et\/events\/","url":"https:\/\/www.vixen.ee\/vinoteek\/et\/events\/","name":"S\u00fcndmused - Vixen Vinoteek","isPartOf":{"@id":"https:\/\/www.vixen.ee\/vinoteek\/#website"},"datePublished":"2024-03-29T18:25:14+00:00","dateModified":"2025-07-23T13:53:10+00:00","breadcrumb":{"@id":"https:\/\/www.vixen.ee\/vinoteek\/et\/events\/#breadcrumb"},"inLanguage":"et","potentialAction":[{"@type":"ReadAction","target":["https:\/\/www.vixen.ee\/vinoteek\/et\/events\/"]}]},{"@type":"BreadcrumbList","@id":"https:\/\/www.vixen.ee\/vinoteek\/et\/events\/#breadcrumb","itemListElement":[{"@type":"ListItem","position":1,"name":"Home","item":"https:\/\/www.vixen.ee\/vinoteek\/et\/"},{"@type":"ListItem","position":2,"name":"S\u00fcndmused"}]},{"@type":"WebSite","@id":"https:\/\/www.vixen.ee\/vinoteek\/#website","url":"https:\/\/www.vixen.ee\/vinoteek\/","name":"Vixen Vinoteek","description":"","publisher":{"@id":"https:\/\/www.vixen.ee\/vinoteek\/#organization"},"potentialAction":[{"@type":"SearchAction","target":{"@type":"EntryPoint","urlTemplate":"https:\/\/www.vixen.ee\/vinoteek\/?s={search_term_string}"},"query-input":{"@type":"PropertyValueSpecification","valueRequired":true,"valueName":"search_term_string"}}],"inLanguage":"et"},{"@type":"Organization","@id":"https:\/\/www.vixen.ee\/vinoteek\/#organization","name":"Vixen Vinoteek","url":"https:\/\/www.vixen.ee\/vinoteek\/","logo":{"@type":"ImageObject","inLanguage":"et","@id":"https:\/\/www.vixen.ee\/vinoteek\/#\/schema\/logo\/image\/","url":"https:\/\/www.vixen.ee\/vinoteek\/wp-content\/uploads\/2024\/08\/Logo_Vinoteek_pink.svg","contentUrl":"https:\/\/www.vixen.ee\/vinoteek\/wp-content\/uploads\/2024\/08\/Logo_Vinoteek_pink.svg","width":1,"height":1,"caption":"Vixen Vinoteek"},"image":{"@id":"https:\/\/www.vixen.ee\/vinoteek\/#\/schema\/logo\/image\/"},"sameAs":["https:\/\/www.facebook.com\/pagari1\/"]}]}},"_links":{"self":[{"href":"https:\/\/www.vixen.ee\/vinoteek\/et\/wp-json\/wp\/v2\/pages\/650","targetHints":{"allow":["GET"]}}],"collection":[{"href":"https:\/\/www.vixen.ee\/vinoteek\/et\/wp-json\/wp\/v2\/pages"}],"about":[{"href":"https:\/\/www.vixen.ee\/vinoteek\/et\/wp-json\/wp\/v2\/types\/page"}],"author":[{"embeddable":true,"href":"https:\/\/www.vixen.ee\/vinoteek\/et\/wp-json\/wp\/v2\/users\/1"}],"replies":[{"embeddable":true,"href":"https:\/\/www.vixen.ee\/vinoteek\/et\/wp-json\/wp\/v2\/comments?post=650"}],"version-history":[{"count":5,"href":"https:\/\/www.vixen.ee\/vinoteek\/et\/wp-json\/wp\/v2\/pages\/650\/revisions"}],"predecessor-version":[{"id":1117,"href":"https:\/\/www.vixen.ee\/vinoteek\/et\/wp-json\/wp\/v2\/pages\/650\/revisions\/1117"}],"wp:attachment":[{"href":"https:\/\/www.vixen.ee\/vinoteek\/et\/wp-json\/wp\/v2\/media?parent=650"}],"curies":[{"name":"wp","href":"https:\/\/api.w.org\/{rel}","templated":true}]}}