{"id":2194,"date":"2024-03-28T09:45:34","date_gmt":"2024-03-28T09:45:34","guid":{"rendered":"https:\/\/www.vixen.ee\/steakhouse\/contact\/"},"modified":"2026-05-15T20:06:37","modified_gmt":"2026-05-15T20:06:37","slug":"yhteystiedot","status":"publish","type":"page","link":"https:\/\/www.vixen.ee\/fi\/steakhouse\/yhteystiedot\/","title":{"rendered":"Yhteystiedot"},"content":{"rendered":"\n\n  <div class=\"banner has-hover\" id=\"banner-1237246575\">\n          <div class=\"banner-inner fill\">\n        <div class=\"banner-bg fill\" >\n            <div class=\"bg fill bg-fill \"><\/div>\n                                    \n                    <\/div>\n\t\t\n\t<div class=\"ux-shape-divider ux-shape-divider--bottom ux-shape-divider--style-curve\">\n\t\t<svg viewBox=\"0 0 1000 100\" xmlns=\"http:\/\/www.w3.org\/2000\/svg\" preserveAspectRatio=\"none\">\n\t<path class=\"ux-shape-fill\" d=\"M0 0C0 0 200 50 500 50C800 50 1000 0 1000 0V101H0V1V0Z\"\/>\n<\/svg>\n\t<\/div>\n        <div class=\"banner-layers container\">\n            <div class=\"fill banner-link\"><\/div>            \n\n   <div id=\"text-box-802562587\" class=\"text-box banner-layer x50 md-x50 lg-x50 y50 md-y50 lg-y50 res-text\">\n                                <div class=\"text-box-content text dark\">\n              \n              <div class=\"text-inner text-center\">\n                  \n\n\t<div id=\"text-3431469251\" class=\"text\">\n\t\t\n\n<h1 class=\"uppercase\"><b>Yhteystiedot<\/b><\/h1>\n\t\t\n<style>\n#text-3431469251 {\n  font-size: 0.8rem;\n}\n<\/style>\n\t<\/div>\n\t\n\n              <\/div>\n           <\/div>\n                            \n<style>\n#text-box-802562587 {\n  width: 60%;\n}\n#text-box-802562587 .text-box-content {\n  font-size: 100%;\n}\n<\/style>\n    <\/div>\n \n\n        <\/div>\n      <\/div>\n\n            \n<style>\n#banner-1237246575 {\n  padding-top: 440px;\n}\n#banner-1237246575 .bg.bg-loaded {\n  background-image: url(https:\/\/www.vixen.ee\/wp-content\/uploads\/2024\/03\/DSCF5746-2-683x1024.jpg);\n}\n#banner-1237246575 .bg {\n  background-position: 46% 61%;\n}\n#banner-1237246575 .ux-shape-divider--bottom svg {\n  height: 150px;\n  --divider-width: 100%;\n}\n<\/style>\n  <\/div>\n\n\n\t<section class=\"section\" id=\"section_1880516941\">\n\t\t<div class=\"bg section-bg fill bg-fill  bg-loaded\" >\n\n\t\t\t\n\t\t\t\n\t\t\t\n\n\t\t<\/div>\n\n\t\t\n\n\t\t<div class=\"section-content relative\">\n\t\t\t\n\n\t<div id=\"gap-1742736998\" class=\"gap-element clearfix\" style=\"display:block; height:auto;\">\n\t\t\n<style>\n#gap-1742736998 {\n  padding-top: 60px;\n}\n<\/style>\n\t<\/div>\n\t\n\n<div class=\"row row-large\"  id=\"row-1763037228\">\n\n\n\t<div id=\"col-340510022\" class=\"col medium-6 small-12 large-6\"  >\n\t\t\t\t<div class=\"col-inner\"  >\n\t\t\t\n\t\t\t\n\n<h2>Ota yhteytt\u00e4<\/h2>\n<p>Ota meihin yhteytt\u00e4 p\u00f6yt\u00e4varauksen tekemiseksi, menuun tutustumiseksi tai yksityistilaisuuden suunnittelemiseksi. Kuulemme sinusta mielell\u00e4\u00e4n!<\/p>\n<\/p>\n<p><strong>Osoite<\/strong><br \/>Lai 44<br \/>10133 Tallinn<\/p>\n<p><strong>Puhelin<\/strong><br \/>+372 5883 7200<\/p>\n<p><strong>S\u00e4hk\u00f6posti<\/strong><br \/><a href=\"mailto:steaks@vixen.ee\">steaks@vixen.ee<\/a><\/p>\n\t<div id=\"gap-100436128\" class=\"gap-element clearfix\" style=\"display:block; height:auto;\">\n\t\t\n<style>\n#gap-100436128 {\n  padding-top: 30px;\n}\n<\/style>\n\t<\/div>\n\t\n\n<a href=\"https:\/\/www.vixen.ee\/fi\/steakhouse\/varaukset\/\" class=\"button primary is-underline lowercase\"  >\n    <span>Varaa p\u00f6yt\u00e4<\/span>\n  <\/a>\n\n\n\n\t\t<\/div>\n\t\t\t\t\t<\/div>\n\n\t\n\n\t<div id=\"col-797368732\" class=\"col medium-6 small-12 large-6\"  >\n\t\t\t\t<div class=\"col-inner\"  >\n\t\t\t\n\t\t\t\n\n<h2>Yhteydenottolomake<\/h2>\n\n<div class=\"wpcf7 no-js\" id=\"wpcf7-f205-o1\" lang=\"en-US\" dir=\"ltr\" data-wpcf7-id=\"205\">\n<div class=\"screen-reader-response\"><p role=\"status\" aria-live=\"polite\" aria-atomic=\"true\"><\/p> <ul><\/ul><\/div>\n<form action=\"\/fi\/wp-json\/wp\/v2\/pages\/2194#wpcf7-f205-o1\" method=\"post\" class=\"wpcf7-form init\" aria-label=\"Contact form\" novalidate=\"novalidate\" data-status=\"init\">\n<fieldset class=\"hidden-fields-container\"><input type=\"hidden\" name=\"_wpcf7\" value=\"205\" \/><input type=\"hidden\" name=\"_wpcf7_version\" value=\"6.1.6\" \/><input type=\"hidden\" name=\"_wpcf7_locale\" value=\"en_US\" \/><input type=\"hidden\" name=\"_wpcf7_unit_tag\" value=\"wpcf7-f205-o1\" \/><input type=\"hidden\" name=\"_wpcf7_container_post\" value=\"0\" \/><input type=\"hidden\" name=\"_wpcf7_posted_data_hash\" value=\"\" \/><input type=\"hidden\" name=\"_wpcf7_recaptcha_response\" value=\"\" \/>\n<\/fieldset>\n<p><label> Your name<br \/>\n<span class=\"wpcf7-form-control-wrap\" data-name=\"your-name\"><input size=\"40\" maxlength=\"400\" class=\"wpcf7-form-control wpcf7-text wpcf7-validates-as-required\" autocomplete=\"name\" aria-required=\"true\" aria-invalid=\"false\" value=\"\" type=\"text\" name=\"your-name\" \/><\/span> <\/label>\n<\/p>\n<p><label> Your email<br \/>\n<span class=\"wpcf7-form-control-wrap\" data-name=\"your-email\"><input size=\"40\" maxlength=\"400\" class=\"wpcf7-form-control wpcf7-email wpcf7-validates-as-required wpcf7-text wpcf7-validates-as-email\" autocomplete=\"email\" aria-required=\"true\" aria-invalid=\"false\" value=\"\" type=\"email\" name=\"your-email\" \/><\/span> <\/label>\n<\/p>\n<p><label> Subject<br \/>\n<span class=\"wpcf7-form-control-wrap\" data-name=\"your-subject\"><input size=\"40\" maxlength=\"400\" class=\"wpcf7-form-control wpcf7-text wpcf7-validates-as-required\" aria-required=\"true\" aria-invalid=\"false\" value=\"\" type=\"text\" name=\"your-subject\" \/><\/span> <\/label>\n<\/p>\n<p><label> Your message (optional)<br \/>\n<span class=\"wpcf7-form-control-wrap\" data-name=\"your-message\"><textarea cols=\"40\" rows=\"10\" maxlength=\"2000\" class=\"wpcf7-form-control wpcf7-textarea\" aria-invalid=\"false\" name=\"your-message\"><\/textarea><\/span> <\/label>\n<\/p>\n<p><input class=\"wpcf7-form-control wpcf7-submit has-spinner\" type=\"submit\" value=\"Submit\" \/>\n<\/p><div class=\"wpcf7-response-output\" aria-hidden=\"true\"><\/div>\n<\/form>\n<\/div>\n\n\n\n\t\t<\/div>\n\t\t\t\t\t<\/div>\n\n\t\n\n<\/div>\n\n\t\t<\/div>\n\n\t\t\n<style>\n#section_1880516941 {\n  padding-top: 0px;\n  padding-bottom: 0px;\n}\n<\/style>\n\t<\/section>\n\t\n\n\t<section class=\"section\" id=\"section_47785499\">\n\t\t<div class=\"bg section-bg fill bg-fill  bg-loaded\" >\n\n\t\t\t\n\t\t\t\n\t\t\t\n\n\t\t<\/div>\n\n\t\t\t<div class=\"ux-shape-divider ux-shape-divider--top ux-shape-divider--style-curve\">\n\t\t<svg viewBox=\"0 0 1000 100\" xmlns=\"http:\/\/www.w3.org\/2000\/svg\" preserveAspectRatio=\"none\">\n\t<path class=\"ux-shape-fill\" d=\"M0 0C0 0 200 50 500 50C800 50 1000 0 1000 0V101H0V1V0Z\"\/>\n<\/svg>\n\t<\/div>\n\n\n\t\t<div class=\"section-content relative\">\n\t\t\t\n\n\t<div id=\"gap-1424465617\" class=\"gap-element clearfix\" style=\"display:block; height:auto;\">\n\t\t\n<style>\n#gap-1424465617 {\n  padding-top: 130px;\n}\n<\/style>\n\t<\/div>\n\t\n\n\t<div id=\"text-1749795554\" class=\"text\">\n\t\t\n\n<h2 data-line-height=\"s\">OSOITE<\/h2>\n<p data-line-height=\"s\">Lai 44, 10133 Tallinn<\/p>\n\t\t\n<style>\n#text-1749795554 {\n  text-align: center;\n  color: rgb(255, 255, 255);\n}\n#text-1749795554 > * {\n  color: rgb(255, 255, 255);\n}\n<\/style>\n\t<\/div>\n\t\n\t<div id=\"gap-389876877\" class=\"gap-element clearfix\" style=\"display:block; height:auto;\">\n\t\t\n<style>\n#gap-389876877 {\n  padding-top: 30px;\n}\n<\/style>\n\t<\/div>\n\t\n\n<div class=\"row\"  id=\"row-1079243548\">\n\n\n\t<div id=\"col-1243216096\" class=\"col small-12 large-12\"  >\n\t\t\t\t<div class=\"col-inner\"  >\n\t\t\t\n\t\t\t\n\n\n\n<iframe src=\"https:\/\/www.google.com\/maps\/embed?pb=!1m18!1m12!1m3!1d2028.540417782343!2d24.741908098750603!3d59.44073923678587!2m3!1f0!2f0!3f0!3m2!1i1024!2i768!4f13.1!3m3!1m2!1s0x4692932b47d900b9%3A0x5088bf74cecb700e!2sVixen%20Steakhouse!5e0!3m2!1sfi!2see!4v1712663934919!5m2!1sfi!2see\" width=\"100%\" height=\"450\" style=\"border:0;\" allowfullscreen=\"\" loading=\"lazy\" referrerpolicy=\"no-referrer-when-downgrade\"><\/iframe>\n\n\n\t\t<\/div>\n\t\t\t\t\n<style>\n#col-1243216096 > .col-inner {\n  padding: 0px 20px 0px 20px;\n}\n<\/style>\n\t<\/div>\n\n\t\n\n<\/div>\n\n\t\t<\/div>\n\n\t\t\n<style>\n#section_47785499 {\n  padding-top: 0px;\n  padding-bottom: 0px;\n  background-color: rgb(89, 101, 114);\n}\n#section_47785499 .ux-shape-divider--top svg {\n  height: 150px;\n  --divider-top-width: 100%;\n}\n<\/style>\n\t<\/section>\n\t\n\n","protected":false},"excerpt":{"rendered":"","protected":false},"author":1,"featured_media":0,"parent":2113,"menu_order":0,"comment_status":"closed","ping_status":"closed","template":"page-transparent-header-light.php","meta":{"footnotes":""},"class_list":["post-2194","page","type-page","status-publish","hentry"],"_links":{"self":[{"href":"https:\/\/www.vixen.ee\/fi\/wp-json\/wp\/v2\/pages\/2194","targetHints":{"allow":["GET"]}}],"collection":[{"href":"https:\/\/www.vixen.ee\/fi\/wp-json\/wp\/v2\/pages"}],"about":[{"href":"https:\/\/www.vixen.ee\/fi\/wp-json\/wp\/v2\/types\/page"}],"author":[{"embeddable":true,"href":"https:\/\/www.vixen.ee\/fi\/wp-json\/wp\/v2\/users\/1"}],"replies":[{"embeddable":true,"href":"https:\/\/www.vixen.ee\/fi\/wp-json\/wp\/v2\/comments?post=2194"}],"version-history":[{"count":2,"href":"https:\/\/www.vixen.ee\/fi\/wp-json\/wp\/v2\/pages\/2194\/revisions"}],"predecessor-version":[{"id":2243,"href":"https:\/\/www.vixen.ee\/fi\/wp-json\/wp\/v2\/pages\/2194\/revisions\/2243"}],"up":[{"embeddable":true,"href":"https:\/\/www.vixen.ee\/fi\/wp-json\/wp\/v2\/pages\/2113"}],"wp:attachment":[{"href":"https:\/\/www.vixen.ee\/fi\/wp-json\/wp\/v2\/media?parent=2194"}],"curies":[{"name":"wp","href":"https:\/\/api.w.org\/{rel}","templated":true}]}}