{"id":2173,"date":"2024-03-28T09:45:52","date_gmt":"2024-03-28T09:45:52","guid":{"rendered":"https:\/\/www.vixen.ee\/steakhouse\/book-a-table\/"},"modified":"2026-05-15T19:59:02","modified_gmt":"2026-05-15T19:59:02","slug":"varaukset","status":"publish","type":"page","link":"https:\/\/www.vixen.ee\/fi\/steakhouse\/varaukset\/","title":{"rendered":"Varaukset"},"content":{"rendered":"\n\n  <div class=\"banner has-hover\" id=\"banner-1662699858\">\n          <div class=\"banner-inner fill\">\n        <div class=\"banner-bg fill\" >\n            <div class=\"bg fill bg-fill \"><\/div>\n                                    \n                    <\/div>\n\t\t\n\t<div class=\"ux-shape-divider ux-shape-divider--bottom ux-shape-divider--style-curve\">\n\t\t<svg viewBox=\"0 0 1000 100\" xmlns=\"http:\/\/www.w3.org\/2000\/svg\" preserveAspectRatio=\"none\">\n\t<path class=\"ux-shape-fill\" d=\"M0 0C0 0 200 50 500 50C800 50 1000 0 1000 0V101H0V1V0Z\"\/>\n<\/svg>\n\t<\/div>\n        <div class=\"banner-layers container\">\n            <div class=\"fill banner-link\"><\/div>            \n   <div id=\"text-box-1563922980\" class=\"text-box banner-layer x50 md-x50 lg-x50 y50 md-y50 lg-y50 res-text\">\n                                <div class=\"text-box-content text dark\">\n              \n              <div class=\"text-inner text-center\">\n                  \n\t<div id=\"text-3666893659\" class=\"text show-for-small\">\n\t\t\n<h1 class=\"uppercase\"><span style=\"font-size: 75%;\"><b>VARAUKSET<\/b><\/span><\/h1>\n\t\t\n<style>\n#text-3666893659 {\n  font-size: 0.75rem;\n}\n<\/style>\n\t<\/div>\n\t\n\t<div id=\"text-3274303303\" class=\"text hide-for-small\">\n\t\t\n<h1 class=\"uppercase\"><b>VARAUKSET<\/b><\/h1>\n\t\t\n<style>\n#text-3274303303 {\n  font-size: 0.75rem;\n}\n@media (min-width:550px) {\n  #text-3274303303 {\n    font-size: 0.75rem;\n  }\n}\n<\/style>\n\t<\/div>\n\t\n              <\/div>\n           <\/div>\n                            \n<style>\n#text-box-1563922980 {\n  width: 100%;\n}\n#text-box-1563922980 .text-box-content {\n  font-size: 0%;\n}\n@media (min-width:550px) {\n  #text-box-1563922980 {\n    width: 60%;\n  }\n  #text-box-1563922980 .text-box-content {\n    font-size: 100%;\n  }\n}\n<\/style>\n    <\/div>\n \n        <\/div>\n      <\/div>\n\n            \n<style>\n#banner-1662699858 {\n  padding-top: 440px;\n}\n#banner-1662699858 .bg.bg-loaded {\n  background-image: url(https:\/\/www.vixen.ee\/wp-content\/uploads\/2024\/03\/website-1024x637.jpg);\n}\n#banner-1662699858 .ux-shape-divider--bottom svg {\n  height: 150px;\n  --divider-width: 142%;\n}\n@media (min-width:550px) {\n  #banner-1662699858 .ux-shape-divider--bottom svg {\n    --divider-width: 100%;\n  }\n}\n<\/style>\n  <\/div>\n\n\n\t<section class=\"section\" id=\"section_726979965\">\n\t\t<div class=\"bg section-bg fill bg-fill  bg-loaded\" >\n\n\t\t\t\n\t\t\t\n\t\t\t\n\n\t\t<\/div>\n\n\t\t\n\n\t\t<div class=\"section-content relative\">\n\t\t\t\n<div class=\"row row-large align-middle align-center\"  id=\"row-1266808840\">\n\n\t<div id=\"col-1780365738\" class=\"col medium-6 small-12 large-6\"  >\n\t\t\t\t<div class=\"col-inner\"  >\n\t\t\t\n\t\t\t\n<h2><strong>TEE P\u00d6YT\u00c4VARAUS<\/strong><\/h2>\n<p>Jotta p\u00f6yt\u00e4si on valmiina odottamassa, suosittelemme varauksen tekemist\u00e4 etuk\u00e4teen.<\/p>\n<p>Varaa paikkasi k\u00e4tev\u00e4sti varauskalenteristamme. Voit my\u00f6s varata p\u00f6yd\u00e4n soittamalla meille numeroon +372 5883 7200 tai s\u00e4hk\u00f6postitse osoitteeseen <a href=\"mailto:steaks@vixen.ee\">steaks@vixen.ee<\/a>.<\/p>\n<p>Olemme auki joka p\u00e4iv\u00e4 maanantaita ja tiistaita lukuun ottamatta:<\/p>\n<p>Ke\u2013Su 17:00\u201322:00.<\/p>\n<p>Yksityistilaisuuksia varten ota yhteytt\u00e4 osoitteeseen <a href=\"mailto:steaks@vixen.ee\">steaks@vixen.ee<\/a>.<\/p>\n<p>.<\/p>\n<p> <\/p>\n<p> <\/p>\n\t\t<\/div>\n\t\t\t\t\n<style>\n#col-1780365738 > .col-inner {\n  padding: 0px 0px 0px 0px;\n  margin: 0px 0px 0px 0px;\n}\n@media (min-width:850px) {\n  #col-1780365738 > .col-inner {\n    padding: 0px 90px 0px 0px;\n  }\n}\n<\/style>\n\t<\/div>\n\n\t\n\n\t<div id=\"col-446636307\" class=\"col medium-6 small-12 large-6 small-col-first\"  >\n\t\t\t\t<div class=\"col-inner\"  >\n\t\t\t\n\t\t\t\n\n<style>iframe {overflow:hidden;}<\/style>\n<div class=\"iframe-wrapper\">\n<iframe src=\"https:\/\/uk.eveve.com\/tms\/DateCovers.php?Est=VixenBistroo&#038;Lang=Finnish\"\n   frameborder=\"0\" style=\"height:500px;width:100%;\">\nP\u00e4ivit\u00e4 selaimesi\n<\/iframe>\n<\/div>\n\n\t\t<\/div>\n\t\t\t\t\n<style>\n#col-446636307 > .col-inner {\n  padding: 0px 0px 0px 0px;\n}\n<\/style>\n\t<\/div>\n\n\t\n\n<style>\n#row-1266808840 > .col > .col-inner {\n  padding: 50px 30px 0px 20px;\n}\n@media (min-width:550px) {\n  #row-1266808840 > .col > .col-inner {\n    padding: 50px 30px 50px 20px;\n  }\n}\n@media (min-width:850px) {\n  #row-1266808840 > .col > .col-inner {\n    padding: 50px 50px 50px 50px;\n  }\n}\n<\/style>\n<\/div>\n\t\t<\/div>\n\n\t\t\n<style>\n#section_726979965 {\n  padding-top: 0px;\n  padding-bottom: 0px;\n}\n@media (min-width:550px) {\n  #section_726979965 {\n    padding-top: 30px;\n    padding-bottom: 30px;\n  }\n}\n<\/style>\n\t<\/section>\n\t\n","protected":false},"excerpt":{"rendered":"","protected":false},"author":1,"featured_media":0,"parent":2113,"menu_order":0,"comment_status":"closed","ping_status":"closed","template":"page-transparent-header-light.php","meta":{"footnotes":""},"class_list":["post-2173","page","type-page","status-publish","hentry"],"_links":{"self":[{"href":"https:\/\/www.vixen.ee\/fi\/wp-json\/wp\/v2\/pages\/2173","targetHints":{"allow":["GET"]}}],"collection":[{"href":"https:\/\/www.vixen.ee\/fi\/wp-json\/wp\/v2\/pages"}],"about":[{"href":"https:\/\/www.vixen.ee\/fi\/wp-json\/wp\/v2\/types\/page"}],"author":[{"embeddable":true,"href":"https:\/\/www.vixen.ee\/fi\/wp-json\/wp\/v2\/users\/1"}],"replies":[{"embeddable":true,"href":"https:\/\/www.vixen.ee\/fi\/wp-json\/wp\/v2\/comments?post=2173"}],"version-history":[{"count":1,"href":"https:\/\/www.vixen.ee\/fi\/wp-json\/wp\/v2\/pages\/2173\/revisions"}],"predecessor-version":[{"id":2237,"href":"https:\/\/www.vixen.ee\/fi\/wp-json\/wp\/v2\/pages\/2173\/revisions\/2237"}],"up":[{"embeddable":true,"href":"https:\/\/www.vixen.ee\/fi\/wp-json\/wp\/v2\/pages\/2113"}],"wp:attachment":[{"href":"https:\/\/www.vixen.ee\/fi\/wp-json\/wp\/v2\/media?parent=2173"}],"curies":[{"name":"wp","href":"https:\/\/api.w.org\/{rel}","templated":true}]}}