{"id":2160,"date":"2024-03-28T09:44:38","date_gmt":"2024-03-28T09:44:38","guid":{"rendered":"https:\/\/www.vixen.ee\/steakhouse\/about\/"},"modified":"2026-05-15T20:11:35","modified_gmt":"2026-05-15T20:11:35","slug":"meista","status":"publish","type":"page","link":"https:\/\/www.vixen.ee\/fi\/steakhouse\/meista\/","title":{"rendered":"Meist\u00e4"},"content":{"rendered":"\n\n  <div class=\"banner has-hover\" id=\"banner-174038794\">\n          <div class=\"banner-inner fill\">\n        <div class=\"banner-bg fill\" >\n            <div class=\"bg fill bg-fill \"><\/div>\n                        <div class=\"overlay\"><\/div>            \n                    <\/div>\n\t\t\n\t<div class=\"ux-shape-divider ux-shape-divider--bottom ux-shape-divider--style-curve\">\n\t\t<svg viewBox=\"0 0 1000 100\" xmlns=\"http:\/\/www.w3.org\/2000\/svg\" preserveAspectRatio=\"none\">\n\t<path class=\"ux-shape-fill\" d=\"M0 0C0 0 200 50 500 50C800 50 1000 0 1000 0V101H0V1V0Z\"\/>\n<\/svg>\n\t<\/div>\n        <div class=\"banner-layers container\">\n            <div class=\"fill banner-link\"><\/div>            \n\n   <div id=\"text-box-134831787\" class=\"text-box banner-layer x50 md-x50 lg-x50 y50 md-y50 lg-y50 res-text\">\n                                <div class=\"text-box-content text dark\">\n              \n              <div class=\"text-inner text-center\">\n                  \n\n\t<div id=\"text-2954451687\" class=\"text show-for-small\">\n\t\t\n\n<h1 class=\"uppercase\"><span style=\"font-size: 75%;\"><b>ABOUT US<\/b><\/span><\/h1>\n\t\t\n<style>\n#text-2954451687 {\n  font-size: 0.75rem;\n}\n<\/style>\n\t<\/div>\n\t\n\t<div id=\"text-2003553340\" class=\"text hide-for-small\">\n\t\t\n\n<h1 class=\"uppercase\"><b>MEIST\u00c4<\/b><\/h1>\n\t\t\n<style>\n#text-2003553340 {\n  font-size: 0.75rem;\n}\n<\/style>\n\t<\/div>\n\t\n\n              <\/div>\n           <\/div>\n                            \n<style>\n#text-box-134831787 .text-inner {\n  padding: 40px 0px 0px 0px;\n}\n#text-box-134831787 {\n  width: 60%;\n}\n#text-box-134831787 .text-box-content {\n  font-size: 100%;\n}\n<\/style>\n    <\/div>\n \n\n        <\/div>\n      <\/div>\n\n            \n<style>\n#banner-174038794 {\n  padding-top: 460px;\n}\n#banner-174038794 .bg.bg-loaded {\n  background-image: url(https:\/\/www.vixen.ee\/wp-content\/uploads\/2024\/03\/DSCF5747.jpg);\n}\n#banner-174038794 .overlay {\n  background-color: rgba(0, 0, 0, 0);\n}\n#banner-174038794 .bg {\n  background-position: 23% 100%;\n}\n#banner-174038794 .ux-shape-divider--bottom svg {\n  height: 150px;\n  --divider-width: 143%;\n}\n@media (min-width:550px) {\n  #banner-174038794 .ux-shape-divider--bottom svg {\n    --divider-width: 100%;\n  }\n}\n<\/style>\n  <\/div>\n\n\n\t<section class=\"section\" id=\"section_878627229\">\n\t\t<div class=\"bg section-bg fill bg-fill  bg-loaded\" >\n\n\t\t\t\n\t\t\t\n\t\t\t\n\n\t\t<\/div>\n\n\t\t\n\n\t\t<div class=\"section-content relative\">\n\t\t\t\n\n\t<div id=\"gap-496026331\" class=\"gap-element clearfix hidden\" style=\"display:block; height:auto;\">\n\t\t\n<style>\n#gap-496026331 {\n  padding-top: 80px;\n}\n<\/style>\n\t<\/div>\n\t\n\n<div class=\"row row-large align-middle\"  id=\"row-1477897072\">\n\n\n\t<div id=\"col-1353266329\" class=\"col medium-5 small-12 large-5\"  >\n\t\t\t\t<div class=\"col-inner\"  >\n\t\t\t\n\t\t\t\n\n\t<div class=\"img has-hover show-for-small x md-x lg-x y md-y lg-y\" id=\"image_1577178118\">\n\t\t\t\t\t\t\t\t<div class=\"img-inner image-cover dark\" style=\"padding-top:300px;\">\n\t\t\t<img loading=\"lazy\" decoding=\"async\" width=\"683\" height=\"1024\" src=\"https:\/\/www.vixen.ee\/wp-content\/uploads\/2024\/03\/DSCF6135-1-683x1024.jpg\" class=\"attachment-large size-large\" alt=\"\" srcset=\"https:\/\/www.vixen.ee\/wp-content\/uploads\/2024\/03\/DSCF6135-1-683x1024.jpg 683w, https:\/\/www.vixen.ee\/wp-content\/uploads\/2024\/03\/DSCF6135-1-200x300.jpg 200w, https:\/\/www.vixen.ee\/wp-content\/uploads\/2024\/03\/DSCF6135-1-768x1152.jpg 768w, https:\/\/www.vixen.ee\/wp-content\/uploads\/2024\/03\/DSCF6135-1-1024x1536.jpg 1024w, https:\/\/www.vixen.ee\/wp-content\/uploads\/2024\/03\/DSCF6135-1-1365x2048.jpg 1365w, https:\/\/www.vixen.ee\/wp-content\/uploads\/2024\/03\/DSCF6135-1.jpg 1500w\" sizes=\"auto, (max-width: 683px) 100vw, 683px\" \/>\t\t\t\t\t\t\n\t\t\t\t\t<\/div>\n\t\t\t\t\t\t\t\t\n<style>\n#image_1577178118 {\n  width: 100%;\n}\n<\/style>\n\t<\/div>\n\t\n\n\t<div class=\"img has-hover hide-for-small x md-x lg-x y md-y lg-y\" id=\"image_1315764143\">\n\t\t\t\t\t\t\t\t<div class=\"img-inner image-cover dark\" style=\"padding-top:700px;\">\n\t\t\t<img loading=\"lazy\" decoding=\"async\" width=\"683\" height=\"1024\" src=\"https:\/\/www.vixen.ee\/wp-content\/uploads\/2024\/03\/DSCF6135-1-683x1024.jpg\" class=\"attachment-large size-large\" alt=\"\" srcset=\"https:\/\/www.vixen.ee\/wp-content\/uploads\/2024\/03\/DSCF6135-1-683x1024.jpg 683w, https:\/\/www.vixen.ee\/wp-content\/uploads\/2024\/03\/DSCF6135-1-200x300.jpg 200w, https:\/\/www.vixen.ee\/wp-content\/uploads\/2024\/03\/DSCF6135-1-768x1152.jpg 768w, https:\/\/www.vixen.ee\/wp-content\/uploads\/2024\/03\/DSCF6135-1-1024x1536.jpg 1024w, https:\/\/www.vixen.ee\/wp-content\/uploads\/2024\/03\/DSCF6135-1-1365x2048.jpg 1365w, https:\/\/www.vixen.ee\/wp-content\/uploads\/2024\/03\/DSCF6135-1.jpg 1500w\" sizes=\"auto, (max-width: 683px) 100vw, 683px\" \/>\t\t\t\t\t\t\n\t\t\t\t\t<\/div>\n\t\t\t\t\t\t\t\t\n<style>\n#image_1315764143 {\n  width: 100%;\n}\n<\/style>\n\t<\/div>\n\t\n\n\n\t\t<\/div>\n\t\t\t\t\t<\/div>\n\n\t\n\n\t<div id=\"col-1745417370\" class=\"col medium-7 small-12 large-7\"  >\n\t\t\t\t<div class=\"col-inner\"  >\n\t\t\t\n\t\t\t\n\n<p class=\"font-claude-response-body break-words whitespace-normal leading-&#091;1.7&#093;\">Sijaitsemme Tallinnan vanhassa kaupungissa, suositun Vixen wine barin kulman takana. Pieni, tyylik\u00e4s pihviravintolaamme on ker\u00e4nnyt kiitett\u00e4vi\u00e4 arvosteluja siit\u00e4 l\u00e4htien, kun avasimme ovemme vuonna 2023.<\/p>\n<p class=\"font-claude-response-body break-words whitespace-normal leading-&#091;1.7&#093;\">Menu tarjoaa kaiken, mit\u00e4 maailmanluokan pihviravintolalta voi odottaa: lihaleikkeit\u00e4 ymp\u00e4ri maailmaa grillattuna tilauksesta, t\u00e4ytel\u00e4isi\u00e4 lisukkeet kuten kermainen pinaatti sek\u00e4 herkullisia j\u00e4lkiruokia, muun muassa amerikkalainen banana split. Erikoisuutenamme on japanilainen A5 Wagyu -naudanliha, tarjoiltuna tataki-tyyliin tai suussa sulava filet mignon.<\/p>\n<p class=\"font-claude-response-body break-words whitespace-normal leading-&#091;1.7&#093;\">Vixenin kodikas ja intiimi ruokasali huipentuu tyylikk\u00e4\u00e4seen baariin, jossa tarjoillaan talon omia cocktaileja. Viinilista koostuu huolella valikoidusta Vixenin kellarin tarjonnasta, ja vintageja kaataa usein yksi talon sommelierist\u00e4. Musiikista vastaavat Sinatra, jazz-klassikot ja bossa nova.<\/p>\n\n\t\t<\/div>\n\t\t\t\t\n<style>\n#col-1745417370 > .col-inner {\n  padding: 20px 20px 50px 20px;\n}\n@media (min-width:550px) {\n  #col-1745417370 > .col-inner {\n    padding: 50px 50px 50px 50px;\n  }\n}\n<\/style>\n\t<\/div>\n\n\t\n\n<\/div>\n\n\t\t<\/div>\n\n\t\t\n<style>\n#section_878627229 {\n  padding-top: 0px;\n  padding-bottom: 0px;\n}\n@media (min-width:850px) {\n  #section_878627229 {\n    padding-top: 30px;\n    padding-bottom: 30px;\n  }\n}\n<\/style>\n\t<\/section>\n\t\n\n\n<div class=\"row\"  id=\"row-393053189\">\n\n\n\t<div id=\"col-1254025242\" class=\"col small-12 large-12\"  >\n\t\t\t\t<div class=\"col-inner text-center\"  >\n\t\t\t\n\t\t\t\n\n\t<div id=\"text-3982172234\" class=\"text\">\n\t\t\n\n\n\t\t\n<style>\n#text-3982172234 {\n  text-align: left;\n}\n<\/style>\n\t<\/div>\n\t\n\n\t\t<\/div>\n\t\t\t\t\t<\/div>\n\n\t\n\n<\/div>\n\t<div id=\"gap-162468127\" class=\"gap-element clearfix hidden\" style=\"display:block; height:auto;\">\n\t\t\n<style>\n#gap-162468127 {\n  padding-top: 90px;\n}\n<\/style>\n\t<\/div>\n\t\n\n\n\n\t<div id=\"gap-390409414\" class=\"gap-element clearfix hide-for-small\" style=\"display:block; height:auto;\">\n\t\t\n<style>\n#gap-390409414 {\n  padding-top: 60px;\n}\n<\/style>\n\t<\/div>\n\t\n\n\n  \n    <div class=\"row large-columns-4 medium-columns-3 small-columns-2 row-small row-full-width slider row-slider slider-nav-simple slider-nav-light\"  data-flickity-options='{\"imagesLoaded\": true, \"groupCells\": \"100%\", \"dragThreshold\" : 5, \"cellAlign\": \"left\",\"wrapAround\": true,\"prevNextButtons\": true,\"percentPosition\": true,\"pageDots\": false, \"rightToLeft\": false, \"autoPlay\" : false}' >\n\n  <div class=\"gallery-col col\" >\n          <div class=\"col-inner\">\n            <a class=\"image-lightbox lightbox-gallery\" href=\"https:\/\/www.vixen.ee\/wp-content\/uploads\/2024\/03\/1-DSCF6135-683x1024.jpg\" title=\"\">            <div class=\"box has-hover gallery-box box-overlay dark\">\n              <div class=\"box-image image-cover\" style=\"padding-top:100%;\">\n                <img loading=\"lazy\" decoding=\"async\" width=\"200\" height=\"300\" src=\"https:\/\/www.vixen.ee\/wp-content\/uploads\/2024\/03\/1-DSCF6135-200x300.jpg\" class=\"attachment-medium size-medium\" alt=\"\" ids=\"2121,2122,2123,2124,2125,2126,2127,2128,2129,2130\" type=\"slider\" col_spacing=\"small\" slider_nav_style=\"simple\" slider_nav_color=\"light\" image_height=\"100%\" srcset=\"https:\/\/www.vixen.ee\/wp-content\/uploads\/2024\/03\/1-DSCF6135-200x300.jpg 200w, https:\/\/www.vixen.ee\/wp-content\/uploads\/2024\/03\/1-DSCF6135-683x1024.jpg 683w, https:\/\/www.vixen.ee\/wp-content\/uploads\/2024\/03\/1-DSCF6135-768x1152.jpg 768w, https:\/\/www.vixen.ee\/wp-content\/uploads\/2024\/03\/1-DSCF6135-1024x1536.jpg 1024w, https:\/\/www.vixen.ee\/wp-content\/uploads\/2024\/03\/1-DSCF6135-1365x2048.jpg 1365w, https:\/\/www.vixen.ee\/wp-content\/uploads\/2024\/03\/1-DSCF6135.jpg 1600w\" sizes=\"auto, (max-width: 200px) 100vw, 200px\" \/>                                  <div class=\"overlay fill\"\n                      style=\"background-color: rgba(0,0,0,.15)\">\n                  <\/div>\n                                                              <\/div>\n              <div class=\"box-text text-left\" >\n                 <p><\/p>\n              <\/div>\n            <\/div>\n            <\/a>          <\/div>\n         <\/div><div class=\"gallery-col col\" >\n          <div class=\"col-inner\">\n            <a class=\"image-lightbox lightbox-gallery\" href=\"https:\/\/www.vixen.ee\/wp-content\/uploads\/2024\/03\/1-DSCF6222-1024x682.jpg\" title=\"\">            <div class=\"box has-hover gallery-box box-overlay dark\">\n              <div class=\"box-image image-cover\" style=\"padding-top:100%;\">\n                <img loading=\"lazy\" decoding=\"async\" width=\"300\" height=\"200\" src=\"https:\/\/www.vixen.ee\/wp-content\/uploads\/2024\/03\/1-DSCF6222-300x200.jpg\" class=\"attachment-medium size-medium\" alt=\"\" ids=\"2121,2122,2123,2124,2125,2126,2127,2128,2129,2130\" type=\"slider\" col_spacing=\"small\" slider_nav_style=\"simple\" slider_nav_color=\"light\" image_height=\"100%\" srcset=\"https:\/\/www.vixen.ee\/wp-content\/uploads\/2024\/03\/1-DSCF6222-300x200.jpg 300w, https:\/\/www.vixen.ee\/wp-content\/uploads\/2024\/03\/1-DSCF6222-1024x682.jpg 1024w, https:\/\/www.vixen.ee\/wp-content\/uploads\/2024\/03\/1-DSCF6222-768x512.jpg 768w, https:\/\/www.vixen.ee\/wp-content\/uploads\/2024\/03\/1-DSCF6222-1536x1024.jpg 1536w, https:\/\/www.vixen.ee\/wp-content\/uploads\/2024\/03\/1-DSCF6222.jpg 2000w\" sizes=\"auto, (max-width: 300px) 100vw, 300px\" \/>                                  <div class=\"overlay fill\"\n                      style=\"background-color: rgba(0,0,0,.15)\">\n                  <\/div>\n                                                              <\/div>\n              <div class=\"box-text text-left\" >\n                 <p><\/p>\n              <\/div>\n            <\/div>\n            <\/a>          <\/div>\n         <\/div><div class=\"gallery-col col\" >\n          <div class=\"col-inner\">\n            <a class=\"image-lightbox lightbox-gallery\" href=\"https:\/\/www.vixen.ee\/wp-content\/uploads\/2024\/03\/1-DSCF6314-1024x682.jpg\" title=\"\">            <div class=\"box has-hover gallery-box box-overlay dark\">\n              <div class=\"box-image image-cover\" style=\"padding-top:100%;\">\n                <img loading=\"lazy\" decoding=\"async\" width=\"300\" height=\"200\" src=\"https:\/\/www.vixen.ee\/wp-content\/uploads\/2024\/03\/1-DSCF6314-300x200.jpg\" class=\"attachment-medium size-medium\" alt=\"\" ids=\"2121,2122,2123,2124,2125,2126,2127,2128,2129,2130\" type=\"slider\" col_spacing=\"small\" slider_nav_style=\"simple\" slider_nav_color=\"light\" image_height=\"100%\" srcset=\"https:\/\/www.vixen.ee\/wp-content\/uploads\/2024\/03\/1-DSCF6314-300x200.jpg 300w, https:\/\/www.vixen.ee\/wp-content\/uploads\/2024\/03\/1-DSCF6314-1024x682.jpg 1024w, https:\/\/www.vixen.ee\/wp-content\/uploads\/2024\/03\/1-DSCF6314-768x512.jpg 768w, https:\/\/www.vixen.ee\/wp-content\/uploads\/2024\/03\/1-DSCF6314-1536x1024.jpg 1536w, https:\/\/www.vixen.ee\/wp-content\/uploads\/2024\/03\/1-DSCF6314.jpg 2000w\" sizes=\"auto, (max-width: 300px) 100vw, 300px\" \/>                                  <div class=\"overlay fill\"\n                      style=\"background-color: rgba(0,0,0,.15)\">\n                  <\/div>\n                                                              <\/div>\n              <div class=\"box-text text-left\" >\n                 <p><\/p>\n              <\/div>\n            <\/div>\n            <\/a>          <\/div>\n         <\/div><div class=\"gallery-col col\" >\n          <div class=\"col-inner\">\n            <a class=\"image-lightbox lightbox-gallery\" href=\"https:\/\/www.vixen.ee\/wp-content\/uploads\/2024\/03\/1-DSCF6332-1-1024x682.jpg\" title=\"\">            <div class=\"box has-hover gallery-box box-overlay dark\">\n              <div class=\"box-image image-cover\" style=\"padding-top:100%;\">\n                <img loading=\"lazy\" decoding=\"async\" width=\"300\" height=\"200\" src=\"https:\/\/www.vixen.ee\/wp-content\/uploads\/2024\/03\/1-DSCF6332-1-300x200.jpg\" class=\"attachment-medium size-medium\" alt=\"\" ids=\"2121,2122,2123,2124,2125,2126,2127,2128,2129,2130\" type=\"slider\" col_spacing=\"small\" slider_nav_style=\"simple\" slider_nav_color=\"light\" image_height=\"100%\" srcset=\"https:\/\/www.vixen.ee\/wp-content\/uploads\/2024\/03\/1-DSCF6332-1-300x200.jpg 300w, https:\/\/www.vixen.ee\/wp-content\/uploads\/2024\/03\/1-DSCF6332-1-1024x682.jpg 1024w, https:\/\/www.vixen.ee\/wp-content\/uploads\/2024\/03\/1-DSCF6332-1-768x512.jpg 768w, https:\/\/www.vixen.ee\/wp-content\/uploads\/2024\/03\/1-DSCF6332-1-1536x1024.jpg 1536w, https:\/\/www.vixen.ee\/wp-content\/uploads\/2024\/03\/1-DSCF6332-1.jpg 2000w\" sizes=\"auto, (max-width: 300px) 100vw, 300px\" \/>                                  <div class=\"overlay fill\"\n                      style=\"background-color: rgba(0,0,0,.15)\">\n                  <\/div>\n                                                              <\/div>\n              <div class=\"box-text text-left\" >\n                 <p><\/p>\n              <\/div>\n            <\/div>\n            <\/a>          <\/div>\n         <\/div><div class=\"gallery-col col\" >\n          <div class=\"col-inner\">\n            <a class=\"image-lightbox lightbox-gallery\" href=\"https:\/\/www.vixen.ee\/wp-content\/uploads\/2024\/03\/01-DSCF6393-1024x682.jpg\" title=\"\">            <div class=\"box has-hover gallery-box box-overlay dark\">\n              <div class=\"box-image image-cover\" style=\"padding-top:100%;\">\n                <img loading=\"lazy\" decoding=\"async\" width=\"300\" height=\"200\" src=\"https:\/\/www.vixen.ee\/wp-content\/uploads\/2024\/03\/01-DSCF6393-300x200.jpg\" class=\"attachment-medium size-medium\" alt=\"\" ids=\"2121,2122,2123,2124,2125,2126,2127,2128,2129,2130\" type=\"slider\" col_spacing=\"small\" slider_nav_style=\"simple\" slider_nav_color=\"light\" image_height=\"100%\" srcset=\"https:\/\/www.vixen.ee\/wp-content\/uploads\/2024\/03\/01-DSCF6393-300x200.jpg 300w, https:\/\/www.vixen.ee\/wp-content\/uploads\/2024\/03\/01-DSCF6393-1024x682.jpg 1024w, https:\/\/www.vixen.ee\/wp-content\/uploads\/2024\/03\/01-DSCF6393-768x512.jpg 768w, https:\/\/www.vixen.ee\/wp-content\/uploads\/2024\/03\/01-DSCF6393-1536x1024.jpg 1536w, https:\/\/www.vixen.ee\/wp-content\/uploads\/2024\/03\/01-DSCF6393.jpg 2000w\" sizes=\"auto, (max-width: 300px) 100vw, 300px\" \/>                                  <div class=\"overlay fill\"\n                      style=\"background-color: rgba(0,0,0,.15)\">\n                  <\/div>\n                                                              <\/div>\n              <div class=\"box-text text-left\" >\n                 <p><\/p>\n              <\/div>\n            <\/div>\n            <\/a>          <\/div>\n         <\/div><div class=\"gallery-col col\" >\n          <div class=\"col-inner\">\n            <a class=\"image-lightbox lightbox-gallery\" href=\"https:\/\/www.vixen.ee\/wp-content\/uploads\/2024\/03\/38b6acf7-52ad-41b9-84ca-a3277e9b7246-1000x1024.jpg\" title=\"\">            <div class=\"box has-hover gallery-box box-overlay dark\">\n              <div class=\"box-image image-cover\" style=\"padding-top:100%;\">\n                <img loading=\"lazy\" decoding=\"async\" width=\"293\" height=\"300\" src=\"https:\/\/www.vixen.ee\/wp-content\/uploads\/2024\/03\/38b6acf7-52ad-41b9-84ca-a3277e9b7246-293x300.jpg\" class=\"attachment-medium size-medium\" alt=\"\" ids=\"2121,2122,2123,2124,2125,2126,2127,2128,2129,2130\" type=\"slider\" col_spacing=\"small\" slider_nav_style=\"simple\" slider_nav_color=\"light\" image_height=\"100%\" srcset=\"https:\/\/www.vixen.ee\/wp-content\/uploads\/2024\/03\/38b6acf7-52ad-41b9-84ca-a3277e9b7246-293x300.jpg 293w, https:\/\/www.vixen.ee\/wp-content\/uploads\/2024\/03\/38b6acf7-52ad-41b9-84ca-a3277e9b7246-1000x1024.jpg 1000w, https:\/\/www.vixen.ee\/wp-content\/uploads\/2024\/03\/38b6acf7-52ad-41b9-84ca-a3277e9b7246-768x786.jpg 768w, https:\/\/www.vixen.ee\/wp-content\/uploads\/2024\/03\/38b6acf7-52ad-41b9-84ca-a3277e9b7246-1500x1536.jpg 1500w, https:\/\/www.vixen.ee\/wp-content\/uploads\/2024\/03\/38b6acf7-52ad-41b9-84ca-a3277e9b7246.jpg 1714w\" sizes=\"auto, (max-width: 293px) 100vw, 293px\" \/>                                  <div class=\"overlay fill\"\n                      style=\"background-color: rgba(0,0,0,.15)\">\n                  <\/div>\n                                                              <\/div>\n              <div class=\"box-text text-left\" >\n                 <p><\/p>\n              <\/div>\n            <\/div>\n            <\/a>          <\/div>\n         <\/div><div class=\"gallery-col col\" >\n          <div class=\"col-inner\">\n            <a class=\"image-lightbox lightbox-gallery\" href=\"https:\/\/www.vixen.ee\/wp-content\/uploads\/2024\/03\/DSCF5746-1-683x1024.jpg\" title=\"\">            <div class=\"box has-hover gallery-box box-overlay dark\">\n              <div class=\"box-image image-cover\" style=\"padding-top:100%;\">\n                <img loading=\"lazy\" decoding=\"async\" width=\"200\" height=\"300\" src=\"https:\/\/www.vixen.ee\/wp-content\/uploads\/2024\/03\/DSCF5746-1-200x300.jpg\" class=\"attachment-medium size-medium\" alt=\"\" ids=\"2121,2122,2123,2124,2125,2126,2127,2128,2129,2130\" type=\"slider\" col_spacing=\"small\" slider_nav_style=\"simple\" slider_nav_color=\"light\" image_height=\"100%\" srcset=\"https:\/\/www.vixen.ee\/wp-content\/uploads\/2024\/03\/DSCF5746-1-200x300.jpg 200w, https:\/\/www.vixen.ee\/wp-content\/uploads\/2024\/03\/DSCF5746-1-683x1024.jpg 683w, https:\/\/www.vixen.ee\/wp-content\/uploads\/2024\/03\/DSCF5746-1-768x1152.jpg 768w, https:\/\/www.vixen.ee\/wp-content\/uploads\/2024\/03\/DSCF5746-1.jpg 1000w\" sizes=\"auto, (max-width: 200px) 100vw, 200px\" \/>                                  <div class=\"overlay fill\"\n                      style=\"background-color: rgba(0,0,0,.15)\">\n                  <\/div>\n                                                              <\/div>\n              <div class=\"box-text text-left\" >\n                 <p><\/p>\n              <\/div>\n            <\/div>\n            <\/a>          <\/div>\n         <\/div><div class=\"gallery-col col\" >\n          <div class=\"col-inner\">\n            <a class=\"image-lightbox lightbox-gallery\" href=\"https:\/\/www.vixen.ee\/wp-content\/uploads\/2024\/03\/DSCF5747-683x1024.jpg\" title=\"\">            <div class=\"box has-hover gallery-box box-overlay dark\">\n              <div class=\"box-image image-cover\" style=\"padding-top:100%;\">\n                <img loading=\"lazy\" decoding=\"async\" width=\"200\" height=\"300\" src=\"https:\/\/www.vixen.ee\/wp-content\/uploads\/2024\/03\/DSCF5747-200x300.jpg\" class=\"attachment-medium size-medium\" alt=\"\" ids=\"2121,2122,2123,2124,2125,2126,2127,2128,2129,2130\" type=\"slider\" col_spacing=\"small\" slider_nav_style=\"simple\" slider_nav_color=\"light\" image_height=\"100%\" srcset=\"https:\/\/www.vixen.ee\/wp-content\/uploads\/2024\/03\/DSCF5747-200x300.jpg 200w, https:\/\/www.vixen.ee\/wp-content\/uploads\/2024\/03\/DSCF5747-683x1024.jpg 683w, https:\/\/www.vixen.ee\/wp-content\/uploads\/2024\/03\/DSCF5747-768x1152.jpg 768w, https:\/\/www.vixen.ee\/wp-content\/uploads\/2024\/03\/DSCF5747-1024x1536.jpg 1024w, https:\/\/www.vixen.ee\/wp-content\/uploads\/2024\/03\/DSCF5747-1365x2048.jpg 1365w, https:\/\/www.vixen.ee\/wp-content\/uploads\/2024\/03\/DSCF5747.jpg 1600w\" sizes=\"auto, (max-width: 200px) 100vw, 200px\" \/>                                  <div class=\"overlay fill\"\n                      style=\"background-color: rgba(0,0,0,.15)\">\n                  <\/div>\n                                                              <\/div>\n              <div class=\"box-text text-left\" >\n                 <p><\/p>\n              <\/div>\n            <\/div>\n            <\/a>          <\/div>\n         <\/div><div class=\"gallery-col col\" >\n          <div class=\"col-inner\">\n            <a class=\"image-lightbox lightbox-gallery\" href=\"https:\/\/www.vixen.ee\/wp-content\/uploads\/2024\/03\/DSCF5749-683x1024.jpg\" title=\"\">            <div class=\"box has-hover gallery-box box-overlay dark\">\n              <div class=\"box-image image-cover\" style=\"padding-top:100%;\">\n                <img loading=\"lazy\" decoding=\"async\" width=\"200\" height=\"300\" src=\"https:\/\/www.vixen.ee\/wp-content\/uploads\/2024\/03\/DSCF5749-200x300.jpg\" class=\"attachment-medium size-medium\" alt=\"\" ids=\"2121,2122,2123,2124,2125,2126,2127,2128,2129,2130\" type=\"slider\" col_spacing=\"small\" slider_nav_style=\"simple\" slider_nav_color=\"light\" image_height=\"100%\" srcset=\"https:\/\/www.vixen.ee\/wp-content\/uploads\/2024\/03\/DSCF5749-200x300.jpg 200w, https:\/\/www.vixen.ee\/wp-content\/uploads\/2024\/03\/DSCF5749-683x1024.jpg 683w, https:\/\/www.vixen.ee\/wp-content\/uploads\/2024\/03\/DSCF5749-768x1152.jpg 768w, https:\/\/www.vixen.ee\/wp-content\/uploads\/2024\/03\/DSCF5749-1024x1536.jpg 1024w, https:\/\/www.vixen.ee\/wp-content\/uploads\/2024\/03\/DSCF5749-1365x2048.jpg 1365w, https:\/\/www.vixen.ee\/wp-content\/uploads\/2024\/03\/DSCF5749.jpg 1600w\" sizes=\"auto, (max-width: 200px) 100vw, 200px\" \/>                                  <div class=\"overlay fill\"\n                      style=\"background-color: rgba(0,0,0,.15)\">\n                  <\/div>\n                                                              <\/div>\n              <div class=\"box-text text-left\" >\n                 <p><\/p>\n              <\/div>\n            <\/div>\n            <\/a>          <\/div>\n         <\/div><div class=\"gallery-col col\" >\n          <div class=\"col-inner\">\n            <a class=\"image-lightbox lightbox-gallery\" href=\"https:\/\/www.vixen.ee\/wp-content\/uploads\/2024\/03\/DSCF5760-683x1024.jpg\" title=\"\">            <div class=\"box has-hover gallery-box box-overlay dark\">\n              <div class=\"box-image image-cover\" style=\"padding-top:100%;\">\n                <img loading=\"lazy\" decoding=\"async\" width=\"200\" height=\"300\" src=\"https:\/\/www.vixen.ee\/wp-content\/uploads\/2024\/03\/DSCF5760-200x300.jpg\" class=\"attachment-medium size-medium\" alt=\"\" ids=\"2121,2122,2123,2124,2125,2126,2127,2128,2129,2130\" type=\"slider\" col_spacing=\"small\" slider_nav_style=\"simple\" slider_nav_color=\"light\" image_height=\"100%\" srcset=\"https:\/\/www.vixen.ee\/wp-content\/uploads\/2024\/03\/DSCF5760-200x300.jpg 200w, https:\/\/www.vixen.ee\/wp-content\/uploads\/2024\/03\/DSCF5760-683x1024.jpg 683w, https:\/\/www.vixen.ee\/wp-content\/uploads\/2024\/03\/DSCF5760-768x1152.jpg 768w, https:\/\/www.vixen.ee\/wp-content\/uploads\/2024\/03\/DSCF5760-1024x1536.jpg 1024w, https:\/\/www.vixen.ee\/wp-content\/uploads\/2024\/03\/DSCF5760-1365x2048.jpg 1365w, https:\/\/www.vixen.ee\/wp-content\/uploads\/2024\/03\/DSCF5760-scaled.jpg 1707w\" sizes=\"auto, (max-width: 200px) 100vw, 200px\" \/>                                  <div class=\"overlay fill\"\n                      style=\"background-color: rgba(0,0,0,.15)\">\n                  <\/div>\n                                                              <\/div>\n              <div class=\"box-text text-left\" >\n                 <p><\/p>\n              <\/div>\n            <\/div>\n            <\/a>          <\/div>\n         <\/div><\/div>\n\n\n","protected":false},"excerpt":{"rendered":"","protected":false},"author":1,"featured_media":0,"parent":2113,"menu_order":0,"comment_status":"closed","ping_status":"closed","template":"page-transparent-header-light.php","meta":{"footnotes":""},"class_list":["post-2160","page","type-page","status-publish","hentry"],"_links":{"self":[{"href":"https:\/\/www.vixen.ee\/fi\/wp-json\/wp\/v2\/pages\/2160","targetHints":{"allow":["GET"]}}],"collection":[{"href":"https:\/\/www.vixen.ee\/fi\/wp-json\/wp\/v2\/pages"}],"about":[{"href":"https:\/\/www.vixen.ee\/fi\/wp-json\/wp\/v2\/types\/page"}],"author":[{"embeddable":true,"href":"https:\/\/www.vixen.ee\/fi\/wp-json\/wp\/v2\/users\/1"}],"replies":[{"embeddable":true,"href":"https:\/\/www.vixen.ee\/fi\/wp-json\/wp\/v2\/comments?post=2160"}],"version-history":[{"count":6,"href":"https:\/\/www.vixen.ee\/fi\/wp-json\/wp\/v2\/pages\/2160\/revisions"}],"predecessor-version":[{"id":2245,"href":"https:\/\/www.vixen.ee\/fi\/wp-json\/wp\/v2\/pages\/2160\/revisions\/2245"}],"up":[{"embeddable":true,"href":"https:\/\/www.vixen.ee\/fi\/wp-json\/wp\/v2\/pages\/2113"}],"wp:attachment":[{"href":"https:\/\/www.vixen.ee\/fi\/wp-json\/wp\/v2\/media?parent=2160"}],"curies":[{"name":"wp","href":"https:\/\/api.w.org\/{rel}","templated":true}]}}