{"id":783,"date":"2024-03-28T09:45:52","date_gmt":"2024-03-28T09:45:52","guid":{"rendered":"https:\/\/www.vixen.ee\/book-a-table\/"},"modified":"2025-07-25T13:13:32","modified_gmt":"2025-07-25T13:13:32","slug":"book-a-table","status":"publish","type":"page","link":"https:\/\/www.vixen.ee\/et\/steakhouse\/book-a-table\/","title":{"rendered":"Broneeri"},"content":{"rendered":"\n\n  <div class=\"banner has-hover\" id=\"banner-100309189\">\n          <div class=\"banner-inner fill\">\n        <div class=\"banner-bg fill\" >\n            <div class=\"bg fill bg-fill \"><\/div>\n                                    \n                    <\/div>\n\t\t\n\t<div class=\"ux-shape-divider ux-shape-divider--bottom ux-shape-divider--style-curve\">\n\t\t<svg viewBox=\"0 0 1000 100\" xmlns=\"http:\/\/www.w3.org\/2000\/svg\" preserveAspectRatio=\"none\">\n\t<path class=\"ux-shape-fill\" d=\"M0 0C0 0 200 50 500 50C800 50 1000 0 1000 0V101H0V1V0Z\"\/>\n<\/svg>\n\t<\/div>\n        <div class=\"banner-layers container\">\n            <div class=\"fill banner-link\"><\/div>            \n\n   <div id=\"text-box-592896868\" class=\"text-box banner-layer x50 md-x50 lg-x50 y50 md-y50 lg-y50 res-text\">\n                                <div class=\"text-box-content text dark\">\n              \n              <div class=\"text-inner text-center\">\n                  \n\n\t<div id=\"text-2593649953\" class=\"text show-for-small\">\n\t\t\n\n<h1 class=\"uppercase\"><span style=\"font-size: 75%;\"><b>RESERVATSIOONID<\/b><\/span><\/h1>\n\t\t\n<style>\n#text-2593649953 {\n  font-size: 0.75rem;\n}\n<\/style>\n\t<\/div>\n\t\n\t<div id=\"text-3192907074\" class=\"text hide-for-small\">\n\t\t\n\n<h1 class=\"uppercase\">BRONEERIMINE<\/h1>\n\t\t\n<style>\n#text-3192907074 {\n  font-size: 0.75rem;\n}\n@media (min-width:550px) {\n  #text-3192907074 {\n    font-size: 0.75rem;\n  }\n}\n<\/style>\n\t<\/div>\n\t\n\n              <\/div>\n           <\/div>\n                            \n<style>\n#text-box-592896868 {\n  width: 100%;\n}\n#text-box-592896868 .text-box-content {\n  font-size: 0%;\n}\n@media (min-width:550px) {\n  #text-box-592896868 {\n    width: 60%;\n  }\n  #text-box-592896868 .text-box-content {\n    font-size: 100%;\n  }\n}\n<\/style>\n    <\/div>\n \n\n        <\/div>\n      <\/div>\n\n            \n<style>\n#banner-100309189 {\n  padding-top: 440px;\n}\n#banner-100309189 .bg.bg-loaded {\n  background-image: url(https:\/\/www.vixen.ee\/wp-content\/uploads\/2024\/03\/website-1024x637.jpg);\n}\n#banner-100309189 .ux-shape-divider--bottom svg {\n  height: 150px;\n  --divider-width: 142%;\n}\n@media (min-width:550px) {\n  #banner-100309189 .ux-shape-divider--bottom svg {\n    --divider-width: 100%;\n  }\n}\n<\/style>\n  <\/div>\n\n\n\t<section class=\"section\" id=\"section_891650280\">\n\t\t<div class=\"bg section-bg fill bg-fill  bg-loaded\" >\n\n\t\t\t\n\t\t\t\n\t\t\t\n\n\t\t<\/div>\n\n\t\t\n\n\t\t<div class=\"section-content relative\">\n\t\t\t\n\n<div class=\"row row-large align-middle align-center\"  id=\"row-332243072\">\n\n\n\t<div id=\"col-1616825447\" class=\"col medium-6 small-12 large-6\"  >\n\t\t\t\t<div class=\"col-inner\"  >\n\t\t\t\n\t\t\t\n\n<h2>BRONEERI LAUD<\/h2>\n<p>Tagamaks, et meil on sinu jaoks laud valmis, palume sul see v\u00f5imalusel ette broneerida.<\/p>\n<p>Broneeri oma koht meie mugava broneerimiskalendri abil. Laua broneerimiseks v\u00f5id samuti helistada meile numbril 5883 7200 v\u00f5i saata e-kirja aadressile <a href=\"mailto:steaks@vixen.ee\">steaks@vixen.ee<\/a>.<\/p>\n<p>Oleme avatud kolmap\u00e4evast p\u00fchap\u00e4evani kell 17.00\u201322.00. Era\u00fcrituste korraldamiseks kirjuta aadressil <a href=\"mailto:steaks@vixen.ee\">steaks@vixen.ee<\/a>.<br \/>.<\/p>\n\n\t\t<\/div>\n\t\t\t\t\n<style>\n#col-1616825447 > .col-inner {\n  padding: 0px 0px 0px 0px;\n  margin: 0px 0px 0px 0px;\n}\n@media (min-width:850px) {\n  #col-1616825447 > .col-inner {\n    padding: 0px 90px 0px 0px;\n  }\n}\n<\/style>\n\t<\/div>\n\n\t\n\n\t<div id=\"col-1978714021\" class=\"col medium-6 small-12 large-6 small-col-first\"  >\n\t\t\t\t<div class=\"col-inner\"  >\n\t\t\t\n\t\t\t\n\n\n\n<style>iframe {overflow:hidden;}<\/style>\n<div class=\"iframe-wrapper\">\n<iframe src=\"https:\/\/uk.eveve.com\/tms\/DateCovers.php?Est=VixenBistroo&amp;Lang=English\" frameborder=\"0\" style=\"height:500px;width:100%;\">  Palun uuendage oma brauserit  <\/iframe>\n<\/div>\n\n\n\t\t<\/div>\n\t\t\t\t\n<style>\n#col-1978714021 > .col-inner {\n  padding: 0px 0px 0px 0px;\n}\n<\/style>\n\t<\/div>\n\n\t\n\n\n<style>\n#row-332243072 > .col > .col-inner {\n  padding: 50px 30px 0px 20px;\n}\n@media (min-width:550px) {\n  #row-332243072 > .col > .col-inner {\n    padding: 50px 30px 50px 20px;\n  }\n}\n@media (min-width:850px) {\n  #row-332243072 > .col > .col-inner {\n    padding: 50px 50px 50px 50px;\n  }\n}\n<\/style>\n<\/div>\n\n\t\t<\/div>\n\n\t\t\n<style>\n#section_891650280 {\n  padding-top: 0px;\n  padding-bottom: 0px;\n}\n@media (min-width:550px) {\n  #section_891650280 {\n    padding-top: 30px;\n    padding-bottom: 30px;\n  }\n}\n<\/style>\n\t<\/section>\n\t\n\n","protected":false},"excerpt":{"rendered":"","protected":false},"author":1,"featured_media":0,"parent":530,"menu_order":0,"comment_status":"closed","ping_status":"closed","template":"page-transparent-header-light.php","meta":{"footnotes":""},"class_list":["post-783","page","type-page","status-publish","hentry"],"yoast_head":"<!-- This site is optimized with the Yoast SEO plugin v23.2 - https:\/\/yoast.com\/wordpress\/plugins\/seo\/ -->\n<title>Broneeri - Vixen<\/title>\n<meta name=\"robots\" content=\"index, follow, max-snippet:-1, max-image-preview:large, max-video-preview:-1\" \/>\n<link rel=\"canonical\" href=\"https:\/\/www.vixen.ee\/et\/steakhouse\/book-a-table\/\" \/>\n<meta property=\"og:locale\" content=\"et_EE\" \/>\n<meta property=\"og:type\" content=\"article\" \/>\n<meta property=\"og:title\" content=\"Broneeri - Vixen\" \/>\n<meta property=\"og:url\" content=\"https:\/\/www.vixen.ee\/et\/steakhouse\/book-a-table\/\" \/>\n<meta property=\"og:site_name\" content=\"Vixen\" \/>\n<meta property=\"article:modified_time\" content=\"2025-07-25T13:13:32+00:00\" \/>\n<meta name=\"twitter:card\" content=\"summary_large_image\" \/>\n<meta name=\"twitter:label1\" content=\"Est. reading time\" \/>\n\t<meta name=\"twitter:data1\" content=\"1 minut\" \/>\n<script type=\"application\/ld+json\" class=\"yoast-schema-graph\">{\"@context\":\"https:\/\/schema.org\",\"@graph\":[{\"@type\":\"WebPage\",\"@id\":\"https:\/\/www.vixen.ee\/et\/steakhouse\/book-a-table\/\",\"url\":\"https:\/\/www.vixen.ee\/et\/steakhouse\/book-a-table\/\",\"name\":\"Broneeri - Vixen\",\"isPartOf\":{\"@id\":\"https:\/\/www.vixen.ee\/#website\"},\"datePublished\":\"2024-03-28T09:45:52+00:00\",\"dateModified\":\"2025-07-25T13:13:32+00:00\",\"breadcrumb\":{\"@id\":\"https:\/\/www.vixen.ee\/et\/steakhouse\/book-a-table\/#breadcrumb\"},\"inLanguage\":\"et\",\"potentialAction\":[{\"@type\":\"ReadAction\",\"target\":[\"https:\/\/www.vixen.ee\/et\/steakhouse\/book-a-table\/\"]}]},{\"@type\":\"BreadcrumbList\",\"@id\":\"https:\/\/www.vixen.ee\/et\/steakhouse\/book-a-table\/#breadcrumb\",\"itemListElement\":[{\"@type\":\"ListItem\",\"position\":1,\"name\":\"Home\",\"item\":\"https:\/\/www.vixen.ee\/et\/landingpage\/\"},{\"@type\":\"ListItem\",\"position\":2,\"name\":\"Steakhouse\",\"item\":\"https:\/\/www.vixen.ee\/et\/steakhouse\/\"},{\"@type\":\"ListItem\",\"position\":3,\"name\":\"Broneeri\"}]},{\"@type\":\"WebSite\",\"@id\":\"https:\/\/www.vixen.ee\/#website\",\"url\":\"https:\/\/www.vixen.ee\/\",\"name\":\"Vixen\",\"description\":\"\",\"potentialAction\":[{\"@type\":\"SearchAction\",\"target\":{\"@type\":\"EntryPoint\",\"urlTemplate\":\"https:\/\/www.vixen.ee\/?s={search_term_string}\"},\"query-input\":\"required name=search_term_string\"}],\"inLanguage\":\"et\"}]}<\/script>\n<!-- \/ Yoast SEO plugin. -->","yoast_head_json":{"title":"Broneeri - Vixen","robots":{"index":"index","follow":"follow","max-snippet":"max-snippet:-1","max-image-preview":"max-image-preview:large","max-video-preview":"max-video-preview:-1"},"canonical":"https:\/\/www.vixen.ee\/et\/steakhouse\/book-a-table\/","og_locale":"et_EE","og_type":"article","og_title":"Broneeri - Vixen","og_url":"https:\/\/www.vixen.ee\/et\/steakhouse\/book-a-table\/","og_site_name":"Vixen","article_modified_time":"2025-07-25T13:13:32+00:00","twitter_card":"summary_large_image","twitter_misc":{"Est. reading time":"1 minut"},"schema":{"@context":"https:\/\/schema.org","@graph":[{"@type":"WebPage","@id":"https:\/\/www.vixen.ee\/et\/steakhouse\/book-a-table\/","url":"https:\/\/www.vixen.ee\/et\/steakhouse\/book-a-table\/","name":"Broneeri - Vixen","isPartOf":{"@id":"https:\/\/www.vixen.ee\/#website"},"datePublished":"2024-03-28T09:45:52+00:00","dateModified":"2025-07-25T13:13:32+00:00","breadcrumb":{"@id":"https:\/\/www.vixen.ee\/et\/steakhouse\/book-a-table\/#breadcrumb"},"inLanguage":"et","potentialAction":[{"@type":"ReadAction","target":["https:\/\/www.vixen.ee\/et\/steakhouse\/book-a-table\/"]}]},{"@type":"BreadcrumbList","@id":"https:\/\/www.vixen.ee\/et\/steakhouse\/book-a-table\/#breadcrumb","itemListElement":[{"@type":"ListItem","position":1,"name":"Home","item":"https:\/\/www.vixen.ee\/et\/landingpage\/"},{"@type":"ListItem","position":2,"name":"Steakhouse","item":"https:\/\/www.vixen.ee\/et\/steakhouse\/"},{"@type":"ListItem","position":3,"name":"Broneeri"}]},{"@type":"WebSite","@id":"https:\/\/www.vixen.ee\/#website","url":"https:\/\/www.vixen.ee\/","name":"Vixen","description":"","potentialAction":[{"@type":"SearchAction","target":{"@type":"EntryPoint","urlTemplate":"https:\/\/www.vixen.ee\/?s={search_term_string}"},"query-input":"required name=search_term_string"}],"inLanguage":"et"}]}},"_links":{"self":[{"href":"https:\/\/www.vixen.ee\/et\/wp-json\/wp\/v2\/pages\/783","targetHints":{"allow":["GET"]}}],"collection":[{"href":"https:\/\/www.vixen.ee\/et\/wp-json\/wp\/v2\/pages"}],"about":[{"href":"https:\/\/www.vixen.ee\/et\/wp-json\/wp\/v2\/types\/page"}],"author":[{"embeddable":true,"href":"https:\/\/www.vixen.ee\/et\/wp-json\/wp\/v2\/users\/1"}],"replies":[{"embeddable":true,"href":"https:\/\/www.vixen.ee\/et\/wp-json\/wp\/v2\/comments?post=783"}],"version-history":[{"count":5,"href":"https:\/\/www.vixen.ee\/et\/wp-json\/wp\/v2\/pages\/783\/revisions"}],"predecessor-version":[{"id":2090,"href":"https:\/\/www.vixen.ee\/et\/wp-json\/wp\/v2\/pages\/783\/revisions\/2090"}],"up":[{"embeddable":true,"href":"https:\/\/www.vixen.ee\/et\/wp-json\/wp\/v2\/pages\/530"}],"wp:attachment":[{"href":"https:\/\/www.vixen.ee\/et\/wp-json\/wp\/v2\/media?parent=783"}],"curies":[{"name":"wp","href":"https:\/\/api.w.org\/{rel}","templated":true}]}}