{"id":544,"date":"2024-03-28T09:45:34","date_gmt":"2024-03-28T09:45:34","guid":{"rendered":"https:\/\/www.vixen.ee\/contact\/"},"modified":"2024-10-19T11:47:29","modified_gmt":"2024-10-19T11:47:29","slug":"contact","status":"publish","type":"page","link":"https:\/\/www.vixen.ee\/et\/steakhouse\/contact\/","title":{"rendered":"Kontakt"},"content":{"rendered":"\n\n  <div class=\"banner has-hover\" id=\"banner-525152801\">\n          <div class=\"banner-inner fill\">\n        <div class=\"banner-bg fill\" >\n            <div class=\"bg fill bg-fill \"><\/div>\n                                    \n                    <\/div>\n\t\t\n\t<div class=\"ux-shape-divider ux-shape-divider--bottom ux-shape-divider--style-curve\">\n\t\t<svg viewBox=\"0 0 1000 100\" xmlns=\"http:\/\/www.w3.org\/2000\/svg\" preserveAspectRatio=\"none\">\n\t<path class=\"ux-shape-fill\" d=\"M0 0C0 0 200 50 500 50C800 50 1000 0 1000 0V101H0V1V0Z\"\/>\n<\/svg>\n\t<\/div>\n        <div class=\"banner-layers container\">\n            <div class=\"fill banner-link\"><\/div>            \n\n   <div id=\"text-box-904001223\" class=\"text-box banner-layer x50 md-x50 lg-x50 y50 md-y50 lg-y50 res-text\">\n                                <div class=\"text-box-content text dark\">\n              \n              <div class=\"text-inner text-center\">\n                  \n\n\t<div id=\"text-2510091215\" class=\"text\">\n\t\t\n\n<h1 class=\"uppercase\"><b>Kontakt<\/b><\/h1>\n\t\t\n<style>\n#text-2510091215 {\n  font-size: 0.8rem;\n}\n<\/style>\n\t<\/div>\n\t\n\n              <\/div>\n           <\/div>\n                            \n<style>\n#text-box-904001223 {\n  width: 60%;\n}\n#text-box-904001223 .text-box-content {\n  font-size: 100%;\n}\n<\/style>\n    <\/div>\n \n\n        <\/div>\n      <\/div>\n\n            \n<style>\n#banner-525152801 {\n  padding-top: 440px;\n}\n#banner-525152801 .bg.bg-loaded {\n  background-image: url(https:\/\/www.vixen.ee\/wp-content\/uploads\/2024\/03\/DSCF5746-2-683x1024.jpg);\n}\n#banner-525152801 .bg {\n  background-position: 46% 61%;\n}\n#banner-525152801 .ux-shape-divider--bottom svg {\n  height: 150px;\n  --divider-width: 100%;\n}\n<\/style>\n  <\/div>\n\n\n\t<section class=\"section\" id=\"section_551655139\">\n\t\t<div class=\"bg section-bg fill bg-fill  bg-loaded\" >\n\n\t\t\t\n\t\t\t\n\t\t\t\n\n\t\t<\/div>\n\n\t\t\n\n\t\t<div class=\"section-content relative\">\n\t\t\t\n\n\t<div id=\"gap-1901938661\" class=\"gap-element clearfix\" style=\"display:block; height:auto;\">\n\t\t\n<style>\n#gap-1901938661 {\n  padding-top: 60px;\n}\n<\/style>\n\t<\/div>\n\t\n\n<div class=\"row row-large\"  id=\"row-384549210\">\n\n\n\t<div id=\"col-2030982514\" class=\"col medium-6 small-12 large-6\"  >\n\t\t\t\t<div class=\"col-inner\"  >\n\t\t\t\n\t\t\t\n\n<h2>V\u00f5tke meiega \u00fchendust<\/h2>\n<p>V\u00f5ta meiega \u00fchendust, et broneerida oma laud, k\u00fcsida meie men\u00fc\u00fc kohta v\u00f5i planeerida oma \u00fcritus. Loodame peagi kohtuda!<\/p>\n<p><strong>Aadress<\/strong><br \/>Lai 44<br \/>10133 Tallinn<\/p>\n<p><strong>Telefon<\/strong><br \/>+372 5883 7200<\/p>\n<p><strong>E-post<\/strong><br \/><a href=\"mailto:steaks@vixen.ee\">steaks@vixen.ee<\/a><\/p>\n\t<div id=\"gap-1209596638\" class=\"gap-element clearfix\" style=\"display:block; height:auto;\">\n\t\t\n<style>\n#gap-1209596638 {\n  padding-top: 30px;\n}\n<\/style>\n\t<\/div>\n\t\n\n<a href=\"https:\/\/www.vixen.ee\/book-a-table\/\" class=\"button primary is-underline lowercase\"  >\n    <span>Broneeri laud<\/span>\n  <\/a>\n\n\n\n\t\t<\/div>\n\t\t\t\t\t<\/div>\n\n\t\n\n\t<div id=\"col-1722959151\" class=\"col medium-6 small-12 large-6\"  >\n\t\t\t\t<div class=\"col-inner\"  >\n\t\t\t\n\t\t\t\n\n<h2>Kontaktvorm<\/h2>\n\n<div class=\"wpcf7 no-js\" id=\"wpcf7-f791-o1\" lang=\"et\" dir=\"ltr\">\n<div class=\"screen-reader-response\"><p role=\"status\" aria-live=\"polite\" aria-atomic=\"true\"><\/p> <ul><\/ul><\/div>\n<form action=\"\/et\/wp-json\/wp\/v2\/pages\/544#wpcf7-f791-o1\" method=\"post\" class=\"wpcf7-form init\" aria-label=\"Contact form\" novalidate=\"novalidate\" data-status=\"init\">\n<div style=\"display: none;\">\n<input type=\"hidden\" name=\"_wpcf7\" value=\"791\" \/>\n<input type=\"hidden\" name=\"_wpcf7_version\" value=\"5.9.8\" \/>\n<input type=\"hidden\" name=\"_wpcf7_locale\" value=\"et\" \/>\n<input type=\"hidden\" name=\"_wpcf7_unit_tag\" value=\"wpcf7-f791-o1\" \/>\n<input type=\"hidden\" name=\"_wpcf7_container_post\" value=\"0\" \/>\n<input type=\"hidden\" name=\"_wpcf7_posted_data_hash\" value=\"\" \/>\n<input type=\"hidden\" name=\"_wpcf7_recaptcha_response\" value=\"\" \/>\n<\/div>\n<p><label> Teie nimi <span class=\"wpcf7-form-control-wrap\" data-name=\"your-name\"><input size=\"40\" maxlength=\"400\" class=\"wpcf7-form-control wpcf7-text wpcf7-validates-as-required\" autocomplete=\"name\" aria-required=\"true\" aria-invalid=\"false\" value=\"\" type=\"text\" name=\"your-name\" \/><\/span> <\/label>\n<\/p>\n<p><label> Teie e-posti aadress <span class=\"wpcf7-form-control-wrap\" data-name=\"your-email\"><input size=\"40\" maxlength=\"400\" class=\"wpcf7-form-control wpcf7-email wpcf7-validates-as-required wpcf7-text wpcf7-validates-as-email\" autocomplete=\"email\" aria-required=\"true\" aria-invalid=\"false\" value=\"\" type=\"email\" name=\"your-email\" \/><\/span> <\/label>\n<\/p>\n<p><label> Teema <span class=\"wpcf7-form-control-wrap\" data-name=\"your-subject\"><input size=\"40\" maxlength=\"400\" class=\"wpcf7-form-control wpcf7-text wpcf7-validates-as-required\" aria-required=\"true\" aria-invalid=\"false\" value=\"\" type=\"text\" name=\"your-subject\" \/><\/span> <\/label>\n<\/p>\n<p><label> Teie s\u00f5num (vabatahtlik) <span class=\"wpcf7-form-control-wrap\" data-name=\"your-message\"><textarea cols=\"40\" rows=\"10\" maxlength=\"2000\" class=\"wpcf7-form-control wpcf7-textarea\" aria-invalid=\"false\" name=\"your-message\"><\/textarea><\/span> <\/label>\n<\/p>\n<p><input class=\"wpcf7-form-control wpcf7-submit has-spinner\" type=\"submit\" value=\"Esita\" \/>\n<\/p><div class=\"wpcf7-response-output\" aria-hidden=\"true\"><\/div>\n<\/form>\n<\/div>\n\n\n\n\t\t<\/div>\n\t\t\t\t\t<\/div>\n\n\t\n\n<\/div>\n\n\t\t<\/div>\n\n\t\t\n<style>\n#section_551655139 {\n  padding-top: 0px;\n  padding-bottom: 0px;\n}\n<\/style>\n\t<\/section>\n\t\n\n\t<section class=\"section\" id=\"section_2114254505\">\n\t\t<div class=\"bg section-bg fill bg-fill  bg-loaded\" >\n\n\t\t\t\n\t\t\t\n\t\t\t\n\n\t\t<\/div>\n\n\t\t\t<div class=\"ux-shape-divider ux-shape-divider--top ux-shape-divider--style-curve\">\n\t\t<svg viewBox=\"0 0 1000 100\" xmlns=\"http:\/\/www.w3.org\/2000\/svg\" preserveAspectRatio=\"none\">\n\t<path class=\"ux-shape-fill\" d=\"M0 0C0 0 200 50 500 50C800 50 1000 0 1000 0V101H0V1V0Z\"\/>\n<\/svg>\n\t<\/div>\n\n\n\t\t<div class=\"section-content relative\">\n\t\t\t\n\n\t<div id=\"gap-1255397972\" class=\"gap-element clearfix\" style=\"display:block; height:auto;\">\n\t\t\n<style>\n#gap-1255397972 {\n  padding-top: 130px;\n}\n<\/style>\n\t<\/div>\n\t\n\n\t<div id=\"text-1723890438\" class=\"text\">\n\t\t\n\n<h2 data-line-height=\"s\">AADRESS<\/h2>\n<p data-line-height=\"s\">Lai 44, 10133 Tallinn<\/p>\n\t\t\n<style>\n#text-1723890438 {\n  text-align: center;\n  color: rgb(255, 255, 255);\n}\n#text-1723890438 > * {\n  color: rgb(255, 255, 255);\n}\n<\/style>\n\t<\/div>\n\t\n\t<div id=\"gap-2073568870\" class=\"gap-element clearfix\" style=\"display:block; height:auto;\">\n\t\t\n<style>\n#gap-2073568870 {\n  padding-top: 30px;\n}\n<\/style>\n\t<\/div>\n\t\n\n<div class=\"row\"  id=\"row-628936838\">\n\n\n\t<div id=\"col-633843639\" class=\"col small-12 large-12\"  >\n\t\t\t\t<div class=\"col-inner\"  >\n\t\t\t\n\t\t\t\n\n\n\n<iframe src=\"https:\/\/www.google.com\/maps\/embed?pb=!1m18!1m12!1m3!1d2028.540417782343!2d24.741908098750603!3d59.44073923678587!2m3!1f0!2f0!3f0!3m2!1i1024!2i768!4f13.1!3m3!1m2!1s0x4692932b47d900b9%3A0x5088bf74cecb700e!2sVixen%20Steakhouse!5e0!3m2!1sfi!2see!4v1712663934919!5m2!1sfi!2see\" width=\"100%\" height=\"450\" style=\"border:0;\" allowfullscreen=\"\" loading=\"lazy\" referrerpolicy=\"no-referrer-when-downgrade\"><\/iframe>\n\n\n\t\t<\/div>\n\t\t\t\t\n<style>\n#col-633843639 > .col-inner {\n  padding: 0px 20px 0px 20px;\n}\n<\/style>\n\t<\/div>\n\n\t\n\n<\/div>\n\n\t\t<\/div>\n\n\t\t\n<style>\n#section_2114254505 {\n  padding-top: 0px;\n  padding-bottom: 0px;\n  background-color: rgb(89, 101, 114);\n}\n#section_2114254505 .ux-shape-divider--top svg {\n  height: 150px;\n  --divider-top-width: 100%;\n}\n<\/style>\n\t<\/section>\n\t\n\n","protected":false},"excerpt":{"rendered":"","protected":false},"author":1,"featured_media":0,"parent":530,"menu_order":0,"comment_status":"closed","ping_status":"closed","template":"page-transparent-header-light.php","meta":{"footnotes":""},"class_list":["post-544","page","type-page","status-publish","hentry"],"yoast_head":"<!-- This site is optimized with the Yoast SEO plugin v23.2 - https:\/\/yoast.com\/wordpress\/plugins\/seo\/ -->\n<title>Kontakt - Vixen<\/title>\n<meta name=\"robots\" content=\"index, follow, max-snippet:-1, max-image-preview:large, max-video-preview:-1\" \/>\n<link rel=\"canonical\" href=\"https:\/\/www.vixen.ee\/et\/steakhouse\/contact\/\" \/>\n<meta property=\"og:locale\" content=\"et_EE\" \/>\n<meta property=\"og:type\" content=\"article\" \/>\n<meta property=\"og:title\" content=\"Kontakt - Vixen\" \/>\n<meta property=\"og:url\" content=\"https:\/\/www.vixen.ee\/et\/steakhouse\/contact\/\" \/>\n<meta property=\"og:site_name\" content=\"Vixen\" \/>\n<meta property=\"article:modified_time\" content=\"2024-10-19T11:47:29+00:00\" \/>\n<meta name=\"twitter:card\" content=\"summary_large_image\" \/>\n<meta name=\"twitter:label1\" content=\"Est. reading time\" \/>\n\t<meta name=\"twitter:data1\" content=\"1 minut\" \/>\n<script type=\"application\/ld+json\" class=\"yoast-schema-graph\">{\"@context\":\"https:\/\/schema.org\",\"@graph\":[{\"@type\":\"WebPage\",\"@id\":\"https:\/\/www.vixen.ee\/et\/steakhouse\/contact\/\",\"url\":\"https:\/\/www.vixen.ee\/et\/steakhouse\/contact\/\",\"name\":\"Kontakt - Vixen\",\"isPartOf\":{\"@id\":\"https:\/\/www.vixen.ee\/#website\"},\"datePublished\":\"2024-03-28T09:45:34+00:00\",\"dateModified\":\"2024-10-19T11:47:29+00:00\",\"breadcrumb\":{\"@id\":\"https:\/\/www.vixen.ee\/et\/steakhouse\/contact\/#breadcrumb\"},\"inLanguage\":\"et\",\"potentialAction\":[{\"@type\":\"ReadAction\",\"target\":[\"https:\/\/www.vixen.ee\/et\/steakhouse\/contact\/\"]}]},{\"@type\":\"BreadcrumbList\",\"@id\":\"https:\/\/www.vixen.ee\/et\/steakhouse\/contact\/#breadcrumb\",\"itemListElement\":[{\"@type\":\"ListItem\",\"position\":1,\"name\":\"Home\",\"item\":\"https:\/\/www.vixen.ee\/et\/landingpage\/\"},{\"@type\":\"ListItem\",\"position\":2,\"name\":\"Steakhouse\",\"item\":\"https:\/\/www.vixen.ee\/et\/steakhouse\/\"},{\"@type\":\"ListItem\",\"position\":3,\"name\":\"Kontakt\"}]},{\"@type\":\"WebSite\",\"@id\":\"https:\/\/www.vixen.ee\/#website\",\"url\":\"https:\/\/www.vixen.ee\/\",\"name\":\"Vixen\",\"description\":\"\",\"potentialAction\":[{\"@type\":\"SearchAction\",\"target\":{\"@type\":\"EntryPoint\",\"urlTemplate\":\"https:\/\/www.vixen.ee\/?s={search_term_string}\"},\"query-input\":\"required name=search_term_string\"}],\"inLanguage\":\"et\"}]}<\/script>\n<!-- \/ Yoast SEO plugin. -->","yoast_head_json":{"title":"Kontakt - Vixen","robots":{"index":"index","follow":"follow","max-snippet":"max-snippet:-1","max-image-preview":"max-image-preview:large","max-video-preview":"max-video-preview:-1"},"canonical":"https:\/\/www.vixen.ee\/et\/steakhouse\/contact\/","og_locale":"et_EE","og_type":"article","og_title":"Kontakt - Vixen","og_url":"https:\/\/www.vixen.ee\/et\/steakhouse\/contact\/","og_site_name":"Vixen","article_modified_time":"2024-10-19T11:47:29+00:00","twitter_card":"summary_large_image","twitter_misc":{"Est. reading time":"1 minut"},"schema":{"@context":"https:\/\/schema.org","@graph":[{"@type":"WebPage","@id":"https:\/\/www.vixen.ee\/et\/steakhouse\/contact\/","url":"https:\/\/www.vixen.ee\/et\/steakhouse\/contact\/","name":"Kontakt - Vixen","isPartOf":{"@id":"https:\/\/www.vixen.ee\/#website"},"datePublished":"2024-03-28T09:45:34+00:00","dateModified":"2024-10-19T11:47:29+00:00","breadcrumb":{"@id":"https:\/\/www.vixen.ee\/et\/steakhouse\/contact\/#breadcrumb"},"inLanguage":"et","potentialAction":[{"@type":"ReadAction","target":["https:\/\/www.vixen.ee\/et\/steakhouse\/contact\/"]}]},{"@type":"BreadcrumbList","@id":"https:\/\/www.vixen.ee\/et\/steakhouse\/contact\/#breadcrumb","itemListElement":[{"@type":"ListItem","position":1,"name":"Home","item":"https:\/\/www.vixen.ee\/et\/landingpage\/"},{"@type":"ListItem","position":2,"name":"Steakhouse","item":"https:\/\/www.vixen.ee\/et\/steakhouse\/"},{"@type":"ListItem","position":3,"name":"Kontakt"}]},{"@type":"WebSite","@id":"https:\/\/www.vixen.ee\/#website","url":"https:\/\/www.vixen.ee\/","name":"Vixen","description":"","potentialAction":[{"@type":"SearchAction","target":{"@type":"EntryPoint","urlTemplate":"https:\/\/www.vixen.ee\/?s={search_term_string}"},"query-input":"required name=search_term_string"}],"inLanguage":"et"}]}},"_links":{"self":[{"href":"https:\/\/www.vixen.ee\/et\/wp-json\/wp\/v2\/pages\/544","targetHints":{"allow":["GET"]}}],"collection":[{"href":"https:\/\/www.vixen.ee\/et\/wp-json\/wp\/v2\/pages"}],"about":[{"href":"https:\/\/www.vixen.ee\/et\/wp-json\/wp\/v2\/types\/page"}],"author":[{"embeddable":true,"href":"https:\/\/www.vixen.ee\/et\/wp-json\/wp\/v2\/users\/1"}],"replies":[{"embeddable":true,"href":"https:\/\/www.vixen.ee\/et\/wp-json\/wp\/v2\/comments?post=544"}],"version-history":[{"count":5,"href":"https:\/\/www.vixen.ee\/et\/wp-json\/wp\/v2\/pages\/544\/revisions"}],"predecessor-version":[{"id":1426,"href":"https:\/\/www.vixen.ee\/et\/wp-json\/wp\/v2\/pages\/544\/revisions\/1426"}],"up":[{"embeddable":true,"href":"https:\/\/www.vixen.ee\/et\/wp-json\/wp\/v2\/pages\/530"}],"wp:attachment":[{"href":"https:\/\/www.vixen.ee\/et\/wp-json\/wp\/v2\/media?parent=544"}],"curies":[{"name":"wp","href":"https:\/\/api.w.org\/{rel}","templated":true}]}}